{"id":15671,"date":"2024-02-05T21:21:34","date_gmt":"2024-02-05T21:21:34","guid":{"rendered":"https:\/\/joienatural.com\/?page_id=15671"},"modified":"2024-05-30T17:15:36","modified_gmt":"2024-05-30T17:15:36","slug":"termos-condicoes","status":"publish","type":"page","link":"https:\/\/joienatural.com\/en\/termos-condicoes\/","title":{"rendered":"Terms &amp; Conditions"},"content":{"rendered":"<div data-elementor-type=\"wp-page\" data-elementor-id=\"15671\" class=\"elementor elementor-15671\">\n\t\t\t\t<div class=\"wd-negative-gap elementor-element elementor-element-e517c87 e-flex e-con-boxed e-con e-parent\" data-id=\"e517c87\" data-element_type=\"container\" data-e-type=\"container\">\n\t\t\t\t\t<div class=\"e-con-inner\">\n\t\t\t\t<div class=\"elementor-element elementor-element-d4c6c3f color-scheme-inherit text-left elementor-widget elementor-widget-text-editor\" data-id=\"d4c6c3f\" data-element_type=\"widget\" data-e-type=\"widget\" data-widget_type=\"text-editor.default\">\n\t\t\t\t<div class=\"elementor-widget-container\">\n\t\t\t\t\t\t\t\t\tThese terms and conditions outline the rules and regulations for the use of the Joie Natural Website.\t\t\t\t\t\t\t\t<\/div>\n\t\t\t\t<\/div>\n\t\t\t\t<div class=\"elementor-element elementor-element-ccc6fab color-scheme-inherit text-left elementor-widget elementor-widget-text-editor\" data-id=\"ccc6fab\" data-element_type=\"widget\" data-e-type=\"widget\" data-widget_type=\"text-editor.default\">\n\t\t\t\t<div class=\"elementor-widget-container\">\n\t\t\t\t\t\t\t\t\t<p>Joie is located in: Braga, Portugal.<br \/>By accessing this website we assume you accept these terms and conditions in full. Do not continue to use Joie&#039;s website if you do not accept all of the terms and conditions stated on this page.<br \/>The following terminology applies to these Terms and Conditions, Privacy Statement and Disclaimer Notice and any or all Agreements: Client, You and Your refers to you, the person accessing this website to accept the Company\u2019s terms and conditions. The Company, We and Our refers to our Company. Entity, Entities.<br \/>All terms refer to the offer, acceptance and consideration of payment necessary to undertake the process of our assistance to the Client in the most appropriate manner for the express purpose of meeting the Client&#039;s needs in respect of supply of the Company&#039;s products, in accordance with and subject to, prevailing law of Portugal.<br \/>Any use of the above terminology or other words in the singular, plural, capitalization and\/or he\/she or they are taken as interchangeable and therefore refer to the same.<br \/><br \/><\/p>\t\t\t\t\t\t\t\t<\/div>\n\t\t\t\t<\/div>\n\t\t\t\t<div class=\"elementor-element elementor-element-3eff259 elementor-widget elementor-widget-heading\" data-id=\"3eff259\" data-element_type=\"widget\" data-e-type=\"widget\" data-widget_type=\"heading.default\">\n\t\t\t\t<div class=\"elementor-widget-container\">\n\t\t\t\t\t<h4 class=\"elementor-heading-title elementor-size-default\">Cookies<\/h4>\t\t\t\t<\/div>\n\t\t\t\t<\/div>\n\t\t\t\t<div class=\"elementor-element elementor-element-9c188c6 color-scheme-inherit text-left elementor-widget elementor-widget-text-editor\" data-id=\"9c188c6\" data-element_type=\"widget\" data-e-type=\"widget\" data-widget_type=\"text-editor.default\">\n\t\t\t\t<div class=\"elementor-widget-container\">\n\t\t\t\t\t\t\t\t\t<p>We use cookies. By using Joie&#039;s website you consent to the use of cookies in accordance with Joie&#039;s privacy policy.<\/p><p>Cookies are used in some areas of our site to enable the functionality of this area and ease of use for those people visiting. Some of our affiliate\/advertising partners may also use cookies.<\/p>\t\t\t\t\t\t\t\t<\/div>\n\t\t\t\t<\/div>\n\t\t\t\t<div class=\"elementor-element elementor-element-39c526e elementor-widget elementor-widget-heading\" data-id=\"39c526e\" data-element_type=\"widget\" data-e-type=\"widget\" data-widget_type=\"heading.default\">\n\t\t\t\t<div class=\"elementor-widget-container\">\n\t\t\t\t\t<h4 class=\"elementor-heading-title elementor-size-default\">License<\/h4>\t\t\t\t<\/div>\n\t\t\t\t<\/div>\n\t\t\t\t<div class=\"elementor-element elementor-element-6edb087 color-scheme-inherit text-left elementor-widget elementor-widget-text-editor\" data-id=\"6edb087\" data-element_type=\"widget\" data-e-type=\"widget\" data-widget_type=\"text-editor.default\">\n\t\t\t\t<div class=\"elementor-widget-container\">\n\t\t\t\t\t\t\t\t\t<p>Unless otherwise stated, Joie Natural and\/or its licensors own the intellectual property rights for all material on joienatural.com.<br \/>All intellectual property rights are reserved. You may view and\/or print pages from www.joienatural.com for your own personal use, subject to restrictions set in these terms and conditions.<\/p><p>You must not:<\/p><ul><li>Republish material from www.joienatural.com<\/li><li>Reproduce, duplicate or copy content from www.joienatural.com<\/li><li>Redistribute content from Joie Natural (unless content is specifically made for redistribution).<\/li><\/ul><p>Notice<\/p><p>To the maximum extent permitted by applicable law, we exclude all representations, warranties and conditions relating to our website and the use of this website (including, without limitation, any warranties implied by law in respect of satisfactory quality, fitness for purpose and\/or the use of reasonable care and skill).<\/p><p>Nothing in this notice will:<\/p><ul><li>Limit or exclude our or your liability for death or personal injury resulting from negligence.<\/li><li>Limit or exclude our or your liability for fraud or fraudulent misrepresentation.<\/li><li>Limit any of our or your liabilities in any way that is not permitted under applicable law.<\/li><li>Or exclude any of our, or your, liabilities that may not be excluded under applicable law.<\/li><\/ul><p>The limitations and exclusions of liability set out in this Section and elsewhere in this notice:<\/p><ol><li>are subject to the preceding paragraph; and govern all liabilities under this notice or in connection with the subject matter of this notice, including liabilities arising in contract, in tort (including negligence) and for any breach of statutory duty.<\/li><\/ol><p>To the extent that the website, information and services on the website are provided free of charge, we will not be liable for any loss or damage of any nature.<\/p><p>\u00a0<\/p>\t\t\t\t\t\t\t\t<\/div>\n\t\t\t\t<\/div>\n\t\t\t\t<div class=\"elementor-element elementor-element-0892ec8 elementor-widget elementor-widget-heading\" data-id=\"0892ec8\" data-element_type=\"widget\" data-e-type=\"widget\" data-widget_type=\"heading.default\">\n\t\t\t\t<div class=\"elementor-widget-container\">\n\t\t\t\t\t<h4 class=\"elementor-heading-title elementor-size-default\">Purchases &amp; Payments<\/h4>\t\t\t\t<\/div>\n\t\t\t\t<\/div>\n\t\t\t\t<div class=\"elementor-element elementor-element-49330d4 color-scheme-inherit text-left elementor-widget elementor-widget-text-editor\" data-id=\"49330d4\" data-element_type=\"widget\" data-e-type=\"widget\" data-widget_type=\"text-editor.default\">\n\t\t\t\t<div class=\"elementor-widget-container\">\n\t\t\t\t\t\t\t\t\t<p>How do I buy?<\/p><p>Create an account to buy from the online store. You can view all our products on the website and make your purchase with total comfort and convenience.<\/p><p>What forms of payment do you accept?<\/p><p>You can pay via MBWay, Credit Card or Bank Transfer.<\/p><p>What do I do if my payment method is declined?<\/p><p>We recommend that you contact your bank, the appropriate entity to identify the problem.<\/p>\t\t\t\t\t\t\t\t<\/div>\n\t\t\t\t<\/div>\n\t\t\t\t<div class=\"elementor-element elementor-element-803ac80 elementor-widget elementor-widget-heading\" data-id=\"803ac80\" data-element_type=\"widget\" data-e-type=\"widget\" data-widget_type=\"heading.default\">\n\t\t\t\t<div class=\"elementor-widget-container\">\n\t\t\t\t\t<h4 class=\"elementor-heading-title elementor-size-default\">Returns and Exchanges Policy<\/h4>\t\t\t\t<\/div>\n\t\t\t\t<\/div>\n\t\t\t\t<div class=\"elementor-element elementor-element-a6ba135 color-scheme-inherit text-left elementor-widget elementor-widget-text-editor\" data-id=\"a6ba135\" data-element_type=\"widget\" data-e-type=\"widget\" data-widget_type=\"text-editor.default\">\n\t\t\t\t<div class=\"elementor-widget-container\">\n\t\t\t\t\t\t\t\t\tRETURNS<br>\n\nAs all of our Joie products are for personal use, we do not accept exchanges on products that have already been opened from the shipping packaging. Returns of items must be handled on a case-by-case basis. We only accept returns when there is a valid reason, such as a damaged or mistakenly shipped product. Items must be returned unopened and unused, as shipped, in the original packaging. Please ensure that the item is packaged appropriately. We are not responsible for damage caused by improper, damaged or lost packaging. If we receive damaged items, they will not be eligible for a refund. For worldwide returns, please note that refunds are issued in Euros. Please note that we reserve the right to say what will or will not be refunded. All events are final sale and refunds are not permitted.<br><br>\nWhat should I do if I don&#039;t receive my order?<br>\nYou must contact us at info@joinatural.com or by calling +351 94 146 357. Indicate the purchase code, name and telephone number.<br><br>\nI sent an email\/message and have not received a response yet. What should I do?<br>\nWe aim to respond to all enquiries within 24 hours of receiving them, so please bear with us and we will get back to you as soon as possible.<br><br>\n\nI received damaged products, what should I do?<br>\nIf there is a problem with an item, please let us know as soon as possible by contacting us at info@joienatural.com. We will resolve it as quickly as possible \u2013 please include as many details as possible, including photos.\t\t\t\t\t\t\t\t<\/div>\n\t\t\t\t<\/div>\n\t\t\t\t\t<\/div>\n\t\t\t\t<\/div>\n\t\t\t\t<\/div>","protected":false},"excerpt":{"rendered":"<p>Estes termos e condi\u00e7\u00f5es definem as regras e regulamentos para a utiliza\u00e7\u00e3o do Website da Joie Natural. A Joie encontra-se<\/p>","protected":false},"author":1,"featured_media":0,"parent":0,"menu_order":0,"comment_status":"closed","ping_status":"closed","template":"","meta":{"footnotes":""},"class_list":["post-15671","page","type-page","status-publish","hentry"],"yoast_head":"<!-- This site is optimized with the Yoast SEO plugin v27.1.1 - https:\/\/yoast.com\/product\/yoast-seo-wordpress\/ -->\n<title>Termos &amp; Condi\u00e7\u00f5es - Joie Natural<\/title>\n<meta name=\"description\" content=\"Termos e Condi\u00e7\u00f5es da Joie \u00b7 Regras e regulamentos da Joie. Termos e Condi\u00e7\u00f5es da Empresa \u00b7 Termos e Condi\u00e7\u00f5es do website joienatural.com .\" \/>\n<meta name=\"robots\" content=\"index, follow, max-snippet:-1, max-image-preview:large, max-video-preview:-1\" \/>\n<link rel=\"canonical\" href=\"https:\/\/joienatural.com\/en\/termos-condicoes\/\" \/>\n<meta property=\"og:locale\" content=\"en_US\" \/>\n<meta property=\"og:type\" content=\"article\" \/>\n<meta property=\"og:title\" content=\"Termos &amp; Condi\u00e7\u00f5es - Joie Natural\" \/>\n<meta property=\"og:description\" content=\"Termos e Condi\u00e7\u00f5es da Joie \u00b7 Regras e regulamentos da Joie. Termos e Condi\u00e7\u00f5es da Empresa \u00b7 Termos e Condi\u00e7\u00f5es do website joienatural.com .\" \/>\n<meta property=\"og:url\" content=\"https:\/\/joienatural.com\/en\/termos-condicoes\/\" \/>\n<meta property=\"og:site_name\" content=\"Joie Natural\" \/>\n<meta property=\"article:publisher\" content=\"https:\/\/www.facebook.com\/joienatural2024\/\" \/>\n<meta property=\"article:modified_time\" content=\"2024-05-30T17:15:36+00:00\" \/>\n<meta property=\"og:image\" content=\"https:\/\/joienatural.com\/wp-content\/uploads\/2024\/02\/sandalo.jpg\" \/>\n\t<meta property=\"og:image:width\" content=\"1704\" \/>\n\t<meta property=\"og:image:height\" content=\"1548\" \/>\n\t<meta property=\"og:image:type\" content=\"image\/jpeg\" \/>\n<meta name=\"twitter:card\" content=\"summary_large_image\" \/>\n<meta name=\"twitter:label1\" content=\"Est. reading time\" \/>\n\t<meta name=\"twitter:data1\" content=\"5 minutes\" \/>\n<script type=\"application\/ld+json\" class=\"yoast-schema-graph\">{\"@context\":\"https:\/\/schema.org\",\"@graph\":[{\"@type\":\"WebPage\",\"@id\":\"https:\/\/joienatural.com\/termos-condicoes\/\",\"url\":\"https:\/\/joienatural.com\/termos-condicoes\/\",\"name\":\"Termos & Condi\u00e7\u00f5es - Joie Natural\",\"isPartOf\":{\"@id\":\"https:\/\/joienatural.com\/#website\"},\"datePublished\":\"2024-02-05T21:21:34+00:00\",\"dateModified\":\"2024-05-30T17:15:36+00:00\",\"description\":\"Termos e Condi\u00e7\u00f5es da Joie \u00b7 Regras e regulamentos da Joie. Termos e Condi\u00e7\u00f5es da Empresa \u00b7 Termos e Condi\u00e7\u00f5es do website joienatural.com .\",\"breadcrumb\":{\"@id\":\"https:\/\/joienatural.com\/termos-condicoes\/#breadcrumb\"},\"inLanguage\":\"en-US\",\"potentialAction\":[{\"@type\":\"ReadAction\",\"target\":[\"https:\/\/joienatural.com\/termos-condicoes\/\"]}]},{\"@type\":\"BreadcrumbList\",\"@id\":\"https:\/\/joienatural.com\/termos-condicoes\/#breadcrumb\",\"itemListElement\":[{\"@type\":\"ListItem\",\"position\":1,\"name\":\"In\u00edcio\",\"item\":\"https:\/\/joienatural.com\/\"},{\"@type\":\"ListItem\",\"position\":2,\"name\":\"Termos &#038; Condi\u00e7\u00f5es\"}]},{\"@type\":\"WebSite\",\"@id\":\"https:\/\/joienatural.com\/#website\",\"url\":\"https:\/\/joienatural.com\/\",\"name\":\"Joie Natural\",\"description\":\"Joie oferece um caminho que conecta o corpo e a mente \u00e0 sabedoria da terra.\",\"publisher\":{\"@id\":\"https:\/\/joienatural.com\/#organization\"},\"alternateName\":\"JoieNatural\",\"potentialAction\":[{\"@type\":\"SearchAction\",\"target\":{\"@type\":\"EntryPoint\",\"urlTemplate\":\"https:\/\/joienatural.com\/?s={search_term_string}\"},\"query-input\":{\"@type\":\"PropertyValueSpecification\",\"valueRequired\":true,\"valueName\":\"search_term_string\"}}],\"inLanguage\":\"en-US\"},{\"@type\":\"Organization\",\"@id\":\"https:\/\/joienatural.com\/#organization\",\"name\":\"Joie Natural\",\"alternateName\":\"JoieNatural\",\"url\":\"https:\/\/joienatural.com\/\",\"logo\":{\"@type\":\"ImageObject\",\"inLanguage\":\"en-US\",\"@id\":\"https:\/\/joienatural.com\/#\/schema\/logo\/image\/\",\"url\":\"https:\/\/joienatural.com\/wp-content\/uploads\/2023\/12\/joie-icon.png\",\"contentUrl\":\"https:\/\/joienatural.com\/wp-content\/uploads\/2023\/12\/joie-icon.png\",\"width\":352,\"height\":572,\"caption\":\"Joie Natural\"},\"image\":{\"@id\":\"https:\/\/joienatural.com\/#\/schema\/logo\/image\/\"},\"sameAs\":[\"https:\/\/www.facebook.com\/joienatural2024\/\",\"https:\/\/www.instagram.com\/joie.natural\/\",\"https:\/\/pt.pinterest.com\/joienatural\/\"]}]}<\/script>\n<!-- \/ Yoast SEO plugin. -->","yoast_head_json":{"title":"Termos & Condi\u00e7\u00f5es - Joie Natural","description":"Termos e Condi\u00e7\u00f5es da Joie \u00b7 Regras e regulamentos da Joie. Termos e Condi\u00e7\u00f5es da Empresa \u00b7 Termos e Condi\u00e7\u00f5es do website joienatural.com .","robots":{"index":"index","follow":"follow","max-snippet":"max-snippet:-1","max-image-preview":"max-image-preview:large","max-video-preview":"max-video-preview:-1"},"canonical":"https:\/\/joienatural.com\/en\/termos-condicoes\/","og_locale":"en_US","og_type":"article","og_title":"Termos & Condi\u00e7\u00f5es - Joie Natural","og_description":"Termos e Condi\u00e7\u00f5es da Joie \u00b7 Regras e regulamentos da Joie. Termos e Condi\u00e7\u00f5es da Empresa \u00b7 Termos e Condi\u00e7\u00f5es do website joienatural.com .","og_url":"https:\/\/joienatural.com\/en\/termos-condicoes\/","og_site_name":"Joie Natural","article_publisher":"https:\/\/www.facebook.com\/joienatural2024\/","article_modified_time":"2024-05-30T17:15:36+00:00","og_image":[{"width":1704,"height":1548,"url":"https:\/\/joienatural.com\/wp-content\/uploads\/2024\/02\/sandalo.jpg","type":"image\/jpeg"}],"twitter_card":"summary_large_image","twitter_misc":{"Est. reading time":"5 minutes"},"schema":{"@context":"https:\/\/schema.org","@graph":[{"@type":"WebPage","@id":"https:\/\/joienatural.com\/termos-condicoes\/","url":"https:\/\/joienatural.com\/termos-condicoes\/","name":"Termos & Condi\u00e7\u00f5es - Joie Natural","isPartOf":{"@id":"https:\/\/joienatural.com\/#website"},"datePublished":"2024-02-05T21:21:34+00:00","dateModified":"2024-05-30T17:15:36+00:00","description":"Termos e Condi\u00e7\u00f5es da Joie \u00b7 Regras e regulamentos da Joie. Termos e Condi\u00e7\u00f5es da Empresa \u00b7 Termos e Condi\u00e7\u00f5es do website joienatural.com .","breadcrumb":{"@id":"https:\/\/joienatural.com\/termos-condicoes\/#breadcrumb"},"inLanguage":"en-US","potentialAction":[{"@type":"ReadAction","target":["https:\/\/joienatural.com\/termos-condicoes\/"]}]},{"@type":"BreadcrumbList","@id":"https:\/\/joienatural.com\/termos-condicoes\/#breadcrumb","itemListElement":[{"@type":"ListItem","position":1,"name":"In\u00edcio","item":"https:\/\/joienatural.com\/"},{"@type":"ListItem","position":2,"name":"Termos &#038; Condi\u00e7\u00f5es"}]},{"@type":"WebSite","@id":"https:\/\/joienatural.com\/#website","url":"https:\/\/joienatural.com\/","name":"Natural Joy","description":"Joie offers a path that connects body and mind to the wisdom of the earth.","publisher":{"@id":"https:\/\/joienatural.com\/#organization"},"alternateName":"JoieNatural","potentialAction":[{"@type":"SearchAction","target":{"@type":"EntryPoint","urlTemplate":"https:\/\/joienatural.com\/?s={search_term_string}"},"query-input":{"@type":"PropertyValueSpecification","valueRequired":true,"valueName":"search_term_string"}}],"inLanguage":"en-US"},{"@type":"Organization","@id":"https:\/\/joienatural.com\/#organization","name":"Natural Joy","alternateName":"JoieNatural","url":"https:\/\/joienatural.com\/","logo":{"@type":"ImageObject","inLanguage":"en-US","@id":"https:\/\/joienatural.com\/#\/schema\/logo\/image\/","url":"https:\/\/joienatural.com\/wp-content\/uploads\/2023\/12\/joie-icon.png","contentUrl":"https:\/\/joienatural.com\/wp-content\/uploads\/2023\/12\/joie-icon.png","width":352,"height":572,"caption":"Joie Natural"},"image":{"@id":"https:\/\/joienatural.com\/#\/schema\/logo\/image\/"},"sameAs":["https:\/\/www.facebook.com\/joienatural2024\/","https:\/\/www.instagram.com\/joie.natural\/","https:\/\/pt.pinterest.com\/joienatural\/"]}]}},"_links":{"self":[{"href":"https:\/\/joienatural.com\/en\/wp-json\/wp\/v2\/pages\/15671","targetHints":{"allow":["GET"]}}],"collection":[{"href":"https:\/\/joienatural.com\/en\/wp-json\/wp\/v2\/pages"}],"about":[{"href":"https:\/\/joienatural.com\/en\/wp-json\/wp\/v2\/types\/page"}],"author":[{"embeddable":true,"href":"https:\/\/joienatural.com\/en\/wp-json\/wp\/v2\/users\/1"}],"replies":[{"embeddable":true,"href":"https:\/\/joienatural.com\/en\/wp-json\/wp\/v2\/comments?post=15671"}],"version-history":[{"count":0,"href":"https:\/\/joienatural.com\/en\/wp-json\/wp\/v2\/pages\/15671\/revisions"}],"wp:attachment":[{"href":"https:\/\/joienatural.com\/en\/wp-json\/wp\/v2\/media?parent=15671"}],"curies":[{"name":"wp","href":"https:\/\/api.w.org\/{rel}","templated":true}]}}