{"id":15680,"date":"2024-02-05T21:34:25","date_gmt":"2024-02-05T21:34:25","guid":{"rendered":"https:\/\/joienatural.com\/?page_id=15680"},"modified":"2024-05-30T16:54:51","modified_gmt":"2024-05-30T16:54:51","slug":"politica-de-envio","status":"publish","type":"page","link":"https:\/\/joienatural.com\/en\/politica-de-envio\/","title":{"rendered":"Shipping Policy"},"content":{"rendered":"<div data-elementor-type=\"wp-page\" data-elementor-id=\"15680\" class=\"elementor elementor-15680\">\n\t\t\t\t<div class=\"wd-negative-gap elementor-element elementor-element-e517c87 e-flex e-con-boxed e-con e-parent\" data-id=\"e517c87\" data-element_type=\"container\" data-e-type=\"container\">\n\t\t\t\t\t<div class=\"e-con-inner\">\n\t\t\t\t<div class=\"elementor-element elementor-element-ccc6fab color-scheme-inherit text-left elementor-widget elementor-widget-text-editor\" data-id=\"ccc6fab\" data-element_type=\"widget\" data-e-type=\"widget\" data-widget_type=\"text-editor.default\">\n\t\t\t\t<div class=\"elementor-widget-container\">\n\t\t\t\t\t\t\t\t\t<p>The delivery period is counted in working days, excluding Saturdays, Sundays and holidays.<br \/><br \/>Business day for delivery:<br \/>Monday to Friday from 9:00 am to 6:00 pm.<br \/><br \/>Delivery Region: We ship to mainland Portugal and the islands and to the entire European Union.<br \/><br \/>The delivery time for products varies depending on the region. You will be informed at the time of purchase and also depend on the approval of your payment. After payment is confirmed, your order will take 1 (one) to 2 (two) business days to be prepared by our team. After this period, the postal service delivery time will be added.<br \/>ATTENTION \u2013 The shipping time may be longer due to holidays and vacation periods. Please pay attention to the deadline set in your purchase email and track your order.<\/p>\t\t\t\t\t\t\t\t<\/div>\n\t\t\t\t<\/div>\n\t\t\t\t\t<\/div>\n\t\t\t\t<\/div>\n\t\t\t\t<\/div>","protected":false},"excerpt":{"rendered":"<p>O prazo de entrega \u00e9 contado em dias \u00fateis, n\u00e3o inclui s\u00e1bados, domingos e feriados. Dia \u00fatil para entrega:De segunda<\/p>","protected":false},"author":1,"featured_media":0,"parent":0,"menu_order":0,"comment_status":"closed","ping_status":"closed","template":"","meta":{"footnotes":""},"class_list":["post-15680","page","type-page","status-publish","hentry"],"yoast_head":"<!-- This site is optimized with the Yoast SEO plugin v27.1.1 - https:\/\/yoast.com\/product\/yoast-seo-wordpress\/ -->\n<title>Pol\u00edtica de Envio - Joie Natural<\/title>\n<meta name=\"description\" content=\"Taxas e prazos de envio. Devolu\u00e7\u00f5es e reembolsos. Onde est\u00e1 o meu pedido? Pedido n\u00e3o entregue. Rastreie o seu pedido.\" \/>\n<meta name=\"robots\" content=\"index, follow, max-snippet:-1, max-image-preview:large, max-video-preview:-1\" \/>\n<link rel=\"canonical\" href=\"https:\/\/joienatural.com\/en\/politica-de-envio\/\" \/>\n<meta property=\"og:locale\" content=\"en_US\" \/>\n<meta property=\"og:type\" content=\"article\" \/>\n<meta property=\"og:title\" content=\"Pol\u00edtica de Envio - Joie Natural\" \/>\n<meta property=\"og:description\" content=\"Taxas e prazos de envio. Devolu\u00e7\u00f5es e reembolsos. Onde est\u00e1 o meu pedido? Pedido n\u00e3o entregue. Rastreie o seu pedido.\" \/>\n<meta property=\"og:url\" content=\"https:\/\/joienatural.com\/en\/politica-de-envio\/\" \/>\n<meta property=\"og:site_name\" content=\"Joie Natural\" \/>\n<meta property=\"article:publisher\" content=\"https:\/\/www.facebook.com\/joienatural2024\/\" \/>\n<meta property=\"article:modified_time\" content=\"2024-05-30T16:54:51+00:00\" \/>\n<meta property=\"og:image\" content=\"https:\/\/joienatural.com\/wp-content\/uploads\/2024\/02\/sandalo.jpg\" \/>\n\t<meta property=\"og:image:width\" content=\"1704\" \/>\n\t<meta property=\"og:image:height\" content=\"1548\" \/>\n\t<meta property=\"og:image:type\" content=\"image\/jpeg\" \/>\n<meta name=\"twitter:card\" content=\"summary_large_image\" \/>\n<meta name=\"twitter:label1\" content=\"Est. reading time\" \/>\n\t<meta name=\"twitter:data1\" content=\"1 minute\" \/>\n<script type=\"application\/ld+json\" class=\"yoast-schema-graph\">{\"@context\":\"https:\/\/schema.org\",\"@graph\":[{\"@type\":\"WebPage\",\"@id\":\"https:\/\/joienatural.com\/politica-de-envio\/\",\"url\":\"https:\/\/joienatural.com\/politica-de-envio\/\",\"name\":\"Pol\u00edtica de Envio - Joie Natural\",\"isPartOf\":{\"@id\":\"https:\/\/joienatural.com\/#website\"},\"datePublished\":\"2024-02-05T21:34:25+00:00\",\"dateModified\":\"2024-05-30T16:54:51+00:00\",\"description\":\"Taxas e prazos de envio. Devolu\u00e7\u00f5es e reembolsos. Onde est\u00e1 o meu pedido? Pedido n\u00e3o entregue. Rastreie o seu pedido.\",\"breadcrumb\":{\"@id\":\"https:\/\/joienatural.com\/politica-de-envio\/#breadcrumb\"},\"inLanguage\":\"en-US\",\"potentialAction\":[{\"@type\":\"ReadAction\",\"target\":[\"https:\/\/joienatural.com\/politica-de-envio\/\"]}]},{\"@type\":\"BreadcrumbList\",\"@id\":\"https:\/\/joienatural.com\/politica-de-envio\/#breadcrumb\",\"itemListElement\":[{\"@type\":\"ListItem\",\"position\":1,\"name\":\"In\u00edcio\",\"item\":\"https:\/\/joienatural.com\/\"},{\"@type\":\"ListItem\",\"position\":2,\"name\":\"Pol\u00edtica de Envio\"}]},{\"@type\":\"WebSite\",\"@id\":\"https:\/\/joienatural.com\/#website\",\"url\":\"https:\/\/joienatural.com\/\",\"name\":\"Joie Natural\",\"description\":\"Joie oferece um caminho que conecta o corpo e a mente \u00e0 sabedoria da terra.\",\"publisher\":{\"@id\":\"https:\/\/joienatural.com\/#organization\"},\"alternateName\":\"JoieNatural\",\"potentialAction\":[{\"@type\":\"SearchAction\",\"target\":{\"@type\":\"EntryPoint\",\"urlTemplate\":\"https:\/\/joienatural.com\/?s={search_term_string}\"},\"query-input\":{\"@type\":\"PropertyValueSpecification\",\"valueRequired\":true,\"valueName\":\"search_term_string\"}}],\"inLanguage\":\"en-US\"},{\"@type\":\"Organization\",\"@id\":\"https:\/\/joienatural.com\/#organization\",\"name\":\"Joie Natural\",\"alternateName\":\"JoieNatural\",\"url\":\"https:\/\/joienatural.com\/\",\"logo\":{\"@type\":\"ImageObject\",\"inLanguage\":\"en-US\",\"@id\":\"https:\/\/joienatural.com\/#\/schema\/logo\/image\/\",\"url\":\"https:\/\/joienatural.com\/wp-content\/uploads\/2023\/12\/joie-icon.png\",\"contentUrl\":\"https:\/\/joienatural.com\/wp-content\/uploads\/2023\/12\/joie-icon.png\",\"width\":352,\"height\":572,\"caption\":\"Joie Natural\"},\"image\":{\"@id\":\"https:\/\/joienatural.com\/#\/schema\/logo\/image\/\"},\"sameAs\":[\"https:\/\/www.facebook.com\/joienatural2024\/\",\"https:\/\/www.instagram.com\/joie.natural\/\",\"https:\/\/pt.pinterest.com\/joienatural\/\"]}]}<\/script>\n<!-- \/ Yoast SEO plugin. -->","yoast_head_json":{"title":"Pol\u00edtica de Envio - Joie Natural","description":"Taxas e prazos de envio. Devolu\u00e7\u00f5es e reembolsos. Onde est\u00e1 o meu pedido? Pedido n\u00e3o entregue. Rastreie o seu pedido.","robots":{"index":"index","follow":"follow","max-snippet":"max-snippet:-1","max-image-preview":"max-image-preview:large","max-video-preview":"max-video-preview:-1"},"canonical":"https:\/\/joienatural.com\/en\/politica-de-envio\/","og_locale":"en_US","og_type":"article","og_title":"Pol\u00edtica de Envio - Joie Natural","og_description":"Taxas e prazos de envio. Devolu\u00e7\u00f5es e reembolsos. Onde est\u00e1 o meu pedido? Pedido n\u00e3o entregue. Rastreie o seu pedido.","og_url":"https:\/\/joienatural.com\/en\/politica-de-envio\/","og_site_name":"Joie Natural","article_publisher":"https:\/\/www.facebook.com\/joienatural2024\/","article_modified_time":"2024-05-30T16:54:51+00:00","og_image":[{"width":1704,"height":1548,"url":"https:\/\/joienatural.com\/wp-content\/uploads\/2024\/02\/sandalo.jpg","type":"image\/jpeg"}],"twitter_card":"summary_large_image","twitter_misc":{"Est. reading time":"1 minute"},"schema":{"@context":"https:\/\/schema.org","@graph":[{"@type":"WebPage","@id":"https:\/\/joienatural.com\/politica-de-envio\/","url":"https:\/\/joienatural.com\/politica-de-envio\/","name":"Pol\u00edtica de Envio - Joie Natural","isPartOf":{"@id":"https:\/\/joienatural.com\/#website"},"datePublished":"2024-02-05T21:34:25+00:00","dateModified":"2024-05-30T16:54:51+00:00","description":"Taxas e prazos de envio. Devolu\u00e7\u00f5es e reembolsos. Onde est\u00e1 o meu pedido? Pedido n\u00e3o entregue. Rastreie o seu pedido.","breadcrumb":{"@id":"https:\/\/joienatural.com\/politica-de-envio\/#breadcrumb"},"inLanguage":"en-US","potentialAction":[{"@type":"ReadAction","target":["https:\/\/joienatural.com\/politica-de-envio\/"]}]},{"@type":"BreadcrumbList","@id":"https:\/\/joienatural.com\/politica-de-envio\/#breadcrumb","itemListElement":[{"@type":"ListItem","position":1,"name":"In\u00edcio","item":"https:\/\/joienatural.com\/"},{"@type":"ListItem","position":2,"name":"Pol\u00edtica de Envio"}]},{"@type":"WebSite","@id":"https:\/\/joienatural.com\/#website","url":"https:\/\/joienatural.com\/","name":"Natural Joy","description":"Joie offers a path that connects body and mind to the wisdom of the earth.","publisher":{"@id":"https:\/\/joienatural.com\/#organization"},"alternateName":"JoieNatural","potentialAction":[{"@type":"SearchAction","target":{"@type":"EntryPoint","urlTemplate":"https:\/\/joienatural.com\/?s={search_term_string}"},"query-input":{"@type":"PropertyValueSpecification","valueRequired":true,"valueName":"search_term_string"}}],"inLanguage":"en-US"},{"@type":"Organization","@id":"https:\/\/joienatural.com\/#organization","name":"Natural Joy","alternateName":"JoieNatural","url":"https:\/\/joienatural.com\/","logo":{"@type":"ImageObject","inLanguage":"en-US","@id":"https:\/\/joienatural.com\/#\/schema\/logo\/image\/","url":"https:\/\/joienatural.com\/wp-content\/uploads\/2023\/12\/joie-icon.png","contentUrl":"https:\/\/joienatural.com\/wp-content\/uploads\/2023\/12\/joie-icon.png","width":352,"height":572,"caption":"Joie Natural"},"image":{"@id":"https:\/\/joienatural.com\/#\/schema\/logo\/image\/"},"sameAs":["https:\/\/www.facebook.com\/joienatural2024\/","https:\/\/www.instagram.com\/joie.natural\/","https:\/\/pt.pinterest.com\/joienatural\/"]}]}},"_links":{"self":[{"href":"https:\/\/joienatural.com\/en\/wp-json\/wp\/v2\/pages\/15680","targetHints":{"allow":["GET"]}}],"collection":[{"href":"https:\/\/joienatural.com\/en\/wp-json\/wp\/v2\/pages"}],"about":[{"href":"https:\/\/joienatural.com\/en\/wp-json\/wp\/v2\/types\/page"}],"author":[{"embeddable":true,"href":"https:\/\/joienatural.com\/en\/wp-json\/wp\/v2\/users\/1"}],"replies":[{"embeddable":true,"href":"https:\/\/joienatural.com\/en\/wp-json\/wp\/v2\/comments?post=15680"}],"version-history":[{"count":0,"href":"https:\/\/joienatural.com\/en\/wp-json\/wp\/v2\/pages\/15680\/revisions"}],"wp:attachment":[{"href":"https:\/\/joienatural.com\/en\/wp-json\/wp\/v2\/media?parent=15680"}],"curies":[{"name":"wp","href":"https:\/\/api.w.org\/{rel}","templated":true}]}}