{"id":3,"date":"2023-12-12T18:58:16","date_gmt":"2023-12-12T18:58:16","guid":{"rendered":"https:\/\/joienatural.com\/?page_id=3"},"modified":"2024-05-30T16:58:57","modified_gmt":"2024-05-30T16:58:57","slug":"politica-privacidade","status":"publish","type":"page","link":"https:\/\/joienatural.com\/en\/politica-privacidade\/","title":{"rendered":"Privacy Policy"},"content":{"rendered":"<div data-elementor-type=\"wp-page\" data-elementor-id=\"3\" class=\"elementor elementor-3\">\n\t\t\t\t<div class=\"elementor-element elementor-element-45198a53 e-con-full e-flex e-con e-parent\" data-id=\"45198a53\" data-element_type=\"container\" data-e-type=\"container\">\n\t\t\t\t<div class=\"elementor-element elementor-element-5bcb9e color-scheme-inherit text-left elementor-widget elementor-widget-text-editor\" data-id=\"5bcb9e\" data-element_type=\"widget\" data-e-type=\"widget\" data-widget_type=\"text-editor.default\">\n\t\t\t\t<div class=\"elementor-widget-container\">\n\t\t\t\t\t\t\t\t\tYour privacy is important to us. It is Joie&#039;s policy to respect your privacy regarding any information we may collect from you across our website, www.joie.com, and other sites we own and operate.<br>\nWe collect personal information from you and we collect it by fair and lawful means, with your knowledge and consent.<br>\nWe also let you know why we are collecting it and how it will be used.<br>\nWe only retain collected information for as long as necessary to provide you with your requested service.<br>\nWhat data we store, we\u2019ll protect within commercially acceptable means to prevent loss and theft, as well as unauthorized access, disclosure, copying, use or modification.<br>\nWe don\u2019t share any personally identifying information publicly or with third-parties, except when required to by law. Our website may link to external sites that are not operated by us. Please be aware that we have no control over the content and practices of these sites, and cannot accept responsibility or liability for their respective privacy policies.<br>\nYou are free to refuse our request for your personal information, with the understanding that we may be unable to provide you with some of your desired services. Your continued use of our website will be regarded as acceptance of our practices around privacy and personal information. If you have any questions about how we handle user data and personal information, feel free to contact us.\t\t\t\t\t\t\t\t<\/div>\n\t\t\t\t<\/div>\n\t\t\t\t<\/div>\n\t\t<div class=\"wd-negative-gap elementor-element elementor-element-88956f6 e-flex e-con-boxed e-con e-parent\" data-id=\"88956f6\" data-element_type=\"container\" data-e-type=\"container\">\n\t\t\t\t\t<div class=\"e-con-inner\">\n\t\t\t\t<div class=\"elementor-element elementor-element-3c060a1 color-scheme-inherit text-left elementor-widget elementor-widget-text-editor\" data-id=\"3c060a1\" data-element_type=\"widget\" data-e-type=\"widget\" data-widget_type=\"text-editor.default\">\n\t\t\t\t<div class=\"elementor-widget-container\">\n\t\t\t\t\t\t\t\t\t<p><strong>1. NECESSARY OR OPTIONAL DATA<\/strong><\/p><p>We require this information to understand your needs and provide you with a better service, and in particular for the following reasons:<br \/>\u2013 Internal record keeping;<br \/>\u2013 Use the information to improve our products and services;<br \/>\u2013 periodically send promotional emails about new products, special offers or other information we think is relevant to your email address;<br \/>\u2013 Contact you via email for market research purposes.<\/p><p><strong>2. PURPOSES OF COLLECTION AND PROCESSING<\/strong><\/p><p>a) To automatically and electronically complete order processing;<br \/>b) In order to issue an invoice relating to electronic contracting;<br \/>c) For the purpose of communicating data indicating the destination address of the order to the competent postal services;<br \/>d) To communicate electronically with the user, both via email and via the electronic contact form;<br \/>e) For the registration and storage of contracts in the responsible party\u2019s database.<br \/>Joie will not use personal data for purposes other than those described here without prior information to the user, as well as their consent, if applicable.<\/p><p><strong>3. TRANSMISSION AND DISCLOSURE OF DATA<\/strong><\/p><p>Therefore, the recipients of any data entered by the user will be only Joie, the payment services and the postal delivery services, as well as all employees of these entities in pursuit of the necessary payment and delivery purposes, respectively, without prejudice to the following.<br \/>Joie may, in any circumstance that changes the structure of the commercial company, including, in particular, merger, division, transformation, liquidation, dissolution, insolvency or transfer, by any means and for any purpose, without any limitation, transfer, assign or sell, in whole or in part, to third parties, without limitation, any information or personal data, entered by any user, that identifies or makes any person identifiable.<br \/>The user agrees to any transmission of his\/her personal data due to merger, division, acquisition, transformation, dissolution or insolvency, and for any reason, of Joie.<br \/>The data entered by the user may be transmitted or transferred to third parties for commercial or marketing purposes, when there is prior consent from the data subject or information made available to that effect in this Policy, and always within the legal limits.<br \/>Personal data collected and processed by Joie may be transferred, in whole or in part, and at any time, to any criminal police body or any judicial authority, in accordance with and under the legal and procedural terms necessary for this purpose.<\/p><p>4. ACCESS, MODIFICATION AND OPPOSITION<\/p><p>Joie provides the user with the technical methods necessary to access, rectify, erase or block data, through the options available in the User Account.<br \/>However, the user can always contact Joie, for these purposes, via an electronic form or by sending a message to its email address. <a href=\"mailto:info@joienatural.com\">info@joienatural.com<\/a>, or to access, obtain, rectify, delete or block any other information relating to your personal data.<\/p><p>By using Joie&#039;s websites, the user agrees to this Privacy Policy, and therefore, in order to object to the collection and processing of their personal data, they must inform Joie of their intention to erase their personal data, without prejudice to data retained for the purpose of historical recording of contracts previously entered into.<br \/>The user has the right to object, at any time, in whole or in part, for legitimate and well-founded reasons, to the processing of his\/her personal data, even if necessary for the expressed purposes, as well as the right to object to his\/her personal data being processed for commercial, advertising or marketing purposes; both objections must be made through the electronic contact means made available by Joie.<\/p><p><strong>5. SECURITY<\/strong><\/p><p>Joie. indicates, in clear terms and in the appropriate places, which data are necessary for a given operation or purpose to be carried out. Without the provision of said data, as well as the respective consent of the holder, it will not be possible to carry out the respective purpose, as per point 5. Other data that are not necessary for the pursuit of the purposes described will always be optional, depending on the user&#039;s will to introduce them.<br \/>The personal data collected from the user includes: full name, email address and postal address (street, postcode, city and country). They are therefore appropriate and relevant for the purposes of collection and processing set out below.<br \/>Personal data entered for payment via PayPal follows PayPal&#039;s terms and conditions and privacy policy, so users are advised to read and accept them.<\/p><p>Joie strives to have and maintain the appropriate technical and IT resources \u2013 taking into account the current state of technology and the costs relating to the types and processing of data \u2013 to ensure the security of the user&#039;s personal data against deletion, loss, alteration, transmission, disclosure, unauthorized access, in whole or in part, negligent or intentional, whenever unlawful or outside the scope of this Policy.<\/p><p>Joie, as it is unable to guarantee total computer security, due to advances in computer crime, does not assume any responsibility for the above, and as expressed in point 3 of the Terms and Conditions.<\/p><p><strong>6. APPLICABLE LAW<\/strong><\/p><p>The law applicable to this Privacy Policy is Portuguese Law.<\/p><p><strong>7. OTHER INFORMATION<\/strong><\/p><p>The Privacy Policy is always available on the referenced websites, where the date of its last update is always indicated.<\/p>\t\t\t\t\t\t\t\t<\/div>\n\t\t\t\t<\/div>\n\t\t\t\t\t<\/div>\n\t\t\t\t<\/div>\n\t\t\t\t<\/div>","protected":false},"excerpt":{"rendered":"<p>A sua privacidade \u00e9 importante para n\u00f3s. \u00c9 pol\u00edtica da Joie respeitar a sua privacidade em rela\u00e7\u00e3o a qualquer informa\u00e7\u00e3o<\/p>","protected":false},"author":1,"featured_media":0,"parent":0,"menu_order":0,"comment_status":"closed","ping_status":"open","template":"","meta":{"footnotes":""},"class_list":["post-3","page","type-page","status-publish","hentry"],"yoast_head":"<!-- This site is optimized with the Yoast SEO plugin v27.1.1 - https:\/\/yoast.com\/product\/yoast-seo-wordpress\/ -->\n<title>Pol\u00edtica de privacidade - Joie Natural<\/title>\n<meta name=\"description\" content=\"Privacidade de dados. Como a Joie usa as suas informa\u00e7\u00f5es pessoais \u00b7 Como a Joie coleta e protege as suas informa\u00e7\u00f5es pessoais.\" \/>\n<meta name=\"robots\" content=\"index, follow, max-snippet:-1, max-image-preview:large, max-video-preview:-1\" \/>\n<link rel=\"canonical\" href=\"https:\/\/joienatural.com\/en\/politica-privacidade\/\" \/>\n<meta property=\"og:locale\" content=\"en_US\" \/>\n<meta property=\"og:type\" content=\"article\" \/>\n<meta property=\"og:title\" content=\"Pol\u00edtica de privacidade - Joie Natural\" \/>\n<meta property=\"og:description\" content=\"Privacidade de dados. Como a Joie usa as suas informa\u00e7\u00f5es pessoais \u00b7 Como a Joie coleta e protege as suas informa\u00e7\u00f5es pessoais.\" \/>\n<meta property=\"og:url\" content=\"https:\/\/joienatural.com\/en\/politica-privacidade\/\" \/>\n<meta property=\"og:site_name\" content=\"Joie Natural\" \/>\n<meta property=\"article:publisher\" content=\"https:\/\/www.facebook.com\/joienatural2024\/\" \/>\n<meta property=\"article:modified_time\" content=\"2024-05-30T16:58:57+00:00\" \/>\n<meta property=\"og:image\" content=\"https:\/\/joienatural.com\/wp-content\/uploads\/2024\/02\/sandalo.jpg\" \/>\n\t<meta property=\"og:image:width\" content=\"1704\" \/>\n\t<meta property=\"og:image:height\" content=\"1548\" \/>\n\t<meta property=\"og:image:type\" content=\"image\/jpeg\" \/>\n<meta name=\"twitter:card\" content=\"summary_large_image\" \/>\n<meta name=\"twitter:label1\" content=\"Est. reading time\" \/>\n\t<meta name=\"twitter:data1\" content=\"6 minutes\" \/>\n<script type=\"application\/ld+json\" class=\"yoast-schema-graph\">{\"@context\":\"https:\/\/schema.org\",\"@graph\":[{\"@type\":\"WebPage\",\"@id\":\"https:\/\/joienatural.com\/politica-privacidade\/\",\"url\":\"https:\/\/joienatural.com\/politica-privacidade\/\",\"name\":\"Pol\u00edtica de privacidade - Joie Natural\",\"isPartOf\":{\"@id\":\"https:\/\/joienatural.com\/#website\"},\"datePublished\":\"2023-12-12T18:58:16+00:00\",\"dateModified\":\"2024-05-30T16:58:57+00:00\",\"description\":\"Privacidade de dados. Como a Joie usa as suas informa\u00e7\u00f5es pessoais \u00b7 Como a Joie coleta e protege as suas informa\u00e7\u00f5es pessoais.\",\"breadcrumb\":{\"@id\":\"https:\/\/joienatural.com\/politica-privacidade\/#breadcrumb\"},\"inLanguage\":\"en-US\",\"potentialAction\":[{\"@type\":\"ReadAction\",\"target\":[\"https:\/\/joienatural.com\/politica-privacidade\/\"]}]},{\"@type\":\"BreadcrumbList\",\"@id\":\"https:\/\/joienatural.com\/politica-privacidade\/#breadcrumb\",\"itemListElement\":[{\"@type\":\"ListItem\",\"position\":1,\"name\":\"In\u00edcio\",\"item\":\"https:\/\/joienatural.com\/\"},{\"@type\":\"ListItem\",\"position\":2,\"name\":\"Pol\u00edtica de privacidade\"}]},{\"@type\":\"WebSite\",\"@id\":\"https:\/\/joienatural.com\/#website\",\"url\":\"https:\/\/joienatural.com\/\",\"name\":\"Joie Natural\",\"description\":\"Joie oferece um caminho que conecta o corpo e a mente \u00e0 sabedoria da terra.\",\"publisher\":{\"@id\":\"https:\/\/joienatural.com\/#organization\"},\"alternateName\":\"JoieNatural\",\"potentialAction\":[{\"@type\":\"SearchAction\",\"target\":{\"@type\":\"EntryPoint\",\"urlTemplate\":\"https:\/\/joienatural.com\/?s={search_term_string}\"},\"query-input\":{\"@type\":\"PropertyValueSpecification\",\"valueRequired\":true,\"valueName\":\"search_term_string\"}}],\"inLanguage\":\"en-US\"},{\"@type\":\"Organization\",\"@id\":\"https:\/\/joienatural.com\/#organization\",\"name\":\"Joie Natural\",\"alternateName\":\"JoieNatural\",\"url\":\"https:\/\/joienatural.com\/\",\"logo\":{\"@type\":\"ImageObject\",\"inLanguage\":\"en-US\",\"@id\":\"https:\/\/joienatural.com\/#\/schema\/logo\/image\/\",\"url\":\"https:\/\/joienatural.com\/wp-content\/uploads\/2023\/12\/joie-icon.png\",\"contentUrl\":\"https:\/\/joienatural.com\/wp-content\/uploads\/2023\/12\/joie-icon.png\",\"width\":352,\"height\":572,\"caption\":\"Joie Natural\"},\"image\":{\"@id\":\"https:\/\/joienatural.com\/#\/schema\/logo\/image\/\"},\"sameAs\":[\"https:\/\/www.facebook.com\/joienatural2024\/\",\"https:\/\/www.instagram.com\/joie.natural\/\",\"https:\/\/pt.pinterest.com\/joienatural\/\"]}]}<\/script>\n<!-- \/ Yoast SEO plugin. -->","yoast_head_json":{"title":"Pol\u00edtica de privacidade - Joie Natural","description":"Privacidade de dados. Como a Joie usa as suas informa\u00e7\u00f5es pessoais \u00b7 Como a Joie coleta e protege as suas informa\u00e7\u00f5es pessoais.","robots":{"index":"index","follow":"follow","max-snippet":"max-snippet:-1","max-image-preview":"max-image-preview:large","max-video-preview":"max-video-preview:-1"},"canonical":"https:\/\/joienatural.com\/en\/politica-privacidade\/","og_locale":"en_US","og_type":"article","og_title":"Pol\u00edtica de privacidade - Joie Natural","og_description":"Privacidade de dados. Como a Joie usa as suas informa\u00e7\u00f5es pessoais \u00b7 Como a Joie coleta e protege as suas informa\u00e7\u00f5es pessoais.","og_url":"https:\/\/joienatural.com\/en\/politica-privacidade\/","og_site_name":"Joie Natural","article_publisher":"https:\/\/www.facebook.com\/joienatural2024\/","article_modified_time":"2024-05-30T16:58:57+00:00","og_image":[{"width":1704,"height":1548,"url":"https:\/\/joienatural.com\/wp-content\/uploads\/2024\/02\/sandalo.jpg","type":"image\/jpeg"}],"twitter_card":"summary_large_image","twitter_misc":{"Est. reading time":"6 minutes"},"schema":{"@context":"https:\/\/schema.org","@graph":[{"@type":"WebPage","@id":"https:\/\/joienatural.com\/politica-privacidade\/","url":"https:\/\/joienatural.com\/politica-privacidade\/","name":"Pol\u00edtica de privacidade - Joie Natural","isPartOf":{"@id":"https:\/\/joienatural.com\/#website"},"datePublished":"2023-12-12T18:58:16+00:00","dateModified":"2024-05-30T16:58:57+00:00","description":"Privacidade de dados. Como a Joie usa as suas informa\u00e7\u00f5es pessoais \u00b7 Como a Joie coleta e protege as suas informa\u00e7\u00f5es pessoais.","breadcrumb":{"@id":"https:\/\/joienatural.com\/politica-privacidade\/#breadcrumb"},"inLanguage":"en-US","potentialAction":[{"@type":"ReadAction","target":["https:\/\/joienatural.com\/politica-privacidade\/"]}]},{"@type":"BreadcrumbList","@id":"https:\/\/joienatural.com\/politica-privacidade\/#breadcrumb","itemListElement":[{"@type":"ListItem","position":1,"name":"In\u00edcio","item":"https:\/\/joienatural.com\/"},{"@type":"ListItem","position":2,"name":"Pol\u00edtica de privacidade"}]},{"@type":"WebSite","@id":"https:\/\/joienatural.com\/#website","url":"https:\/\/joienatural.com\/","name":"Natural Joy","description":"Joie offers a path that connects body and mind to the wisdom of the earth.","publisher":{"@id":"https:\/\/joienatural.com\/#organization"},"alternateName":"JoieNatural","potentialAction":[{"@type":"SearchAction","target":{"@type":"EntryPoint","urlTemplate":"https:\/\/joienatural.com\/?s={search_term_string}"},"query-input":{"@type":"PropertyValueSpecification","valueRequired":true,"valueName":"search_term_string"}}],"inLanguage":"en-US"},{"@type":"Organization","@id":"https:\/\/joienatural.com\/#organization","name":"Natural Joy","alternateName":"JoieNatural","url":"https:\/\/joienatural.com\/","logo":{"@type":"ImageObject","inLanguage":"en-US","@id":"https:\/\/joienatural.com\/#\/schema\/logo\/image\/","url":"https:\/\/joienatural.com\/wp-content\/uploads\/2023\/12\/joie-icon.png","contentUrl":"https:\/\/joienatural.com\/wp-content\/uploads\/2023\/12\/joie-icon.png","width":352,"height":572,"caption":"Joie Natural"},"image":{"@id":"https:\/\/joienatural.com\/#\/schema\/logo\/image\/"},"sameAs":["https:\/\/www.facebook.com\/joienatural2024\/","https:\/\/www.instagram.com\/joie.natural\/","https:\/\/pt.pinterest.com\/joienatural\/"]}]}},"_links":{"self":[{"href":"https:\/\/joienatural.com\/en\/wp-json\/wp\/v2\/pages\/3","targetHints":{"allow":["GET"]}}],"collection":[{"href":"https:\/\/joienatural.com\/en\/wp-json\/wp\/v2\/pages"}],"about":[{"href":"https:\/\/joienatural.com\/en\/wp-json\/wp\/v2\/types\/page"}],"author":[{"embeddable":true,"href":"https:\/\/joienatural.com\/en\/wp-json\/wp\/v2\/users\/1"}],"replies":[{"embeddable":true,"href":"https:\/\/joienatural.com\/en\/wp-json\/wp\/v2\/comments?post=3"}],"version-history":[{"count":0,"href":"https:\/\/joienatural.com\/en\/wp-json\/wp\/v2\/pages\/3\/revisions"}],"wp:attachment":[{"href":"https:\/\/joienatural.com\/en\/wp-json\/wp\/v2\/media?parent=3"}],"curies":[{"name":"wp","href":"https:\/\/api.w.org\/{rel}","templated":true}]}}