{"id":8639,"date":"2021-11-04T14:30:12","date_gmt":"2021-11-04T14:30:12","guid":{"rendered":"http:\/\/dummy.xtemos.com\/woodmart2\/elementor\/?page_id=8639"},"modified":"2026-02-07T13:08:03","modified_gmt":"2026-02-07T13:08:03","slug":"guianca-gentil","status":"publish","type":"page","link":"https:\/\/joienatural.com\/en\/guianca-gentil\/","title":{"rendered":"Gentle Guidance"},"content":{"rendered":"<div data-elementor-type=\"wp-page\" data-elementor-id=\"8639\" class=\"elementor elementor-8639\">\n\t\t\t\t<div class=\"wd-negative-gap elementor-element elementor-element-49ea993 wd-section-stretch e-flex e-con-boxed e-con e-parent\" data-id=\"49ea993\" data-element_type=\"container\" data-e-type=\"container\" data-settings=\"{&quot;background_background&quot;:&quot;classic&quot;}\">\n\t\t\t\t\t<div class=\"e-con-inner\">\n\t\t<div class=\"elementor-element elementor-element-9653e26 e-con-full e-flex e-con e-child\" data-id=\"9653e26\" data-element_type=\"container\" data-e-type=\"container\">\n\t\t\t\t<div class=\"elementor-element elementor-element-a20e9ef elementor-widget-mobile__width-initial elementor-widget elementor-widget-wd_image_or_svg\" data-id=\"a20e9ef\" data-element_type=\"widget\" data-e-type=\"widget\" data-widget_type=\"wd_image_or_svg.default\">\n\t\t\t\t<div class=\"elementor-widget-container\">\n\t\t\t\t\t\n\t\t<div class=\"wd-image text-center\">\n\t\t\t\t\t\t\t\t<img decoding=\"async\" width=\"400\" height=\"400\" src=\"https:\/\/joienatural.com\/wp-content\/uploads\/2026\/01\/romenia-foto-400x400-redonda.png\" class=\"attachment-full size-full\" alt=\"\" srcset=\"https:\/\/joienatural.com\/wp-content\/uploads\/2026\/01\/romenia-foto-400x400-redonda.png 400w, https:\/\/joienatural.com\/wp-content\/uploads\/2026\/01\/romenia-foto-400x400-redonda-300x300.png 300w, https:\/\/joienatural.com\/wp-content\/uploads\/2026\/01\/romenia-foto-400x400-redonda-150x150.png 150w, https:\/\/joienatural.com\/wp-content\/uploads\/2026\/01\/romenia-foto-400x400-redonda-12x12.png 12w\" sizes=\"(max-width: 400px) 100vw, 400px\" \/>\t\t\t\t\t<\/div>\n\n\t\t\t\t\t\t<\/div>\n\t\t\t\t<\/div>\n\t\t\t\t<\/div>\n\t\t<div class=\"elementor-element elementor-element-e1a353a color-scheme-light e-con-full e-flex e-con e-child\" data-id=\"e1a353a\" data-element_type=\"container\" data-e-type=\"container\">\n\t\t\t\t<div class=\"elementor-element elementor-element-5178962 wd-width-100 elementor-widget elementor-widget-wd_title\" data-id=\"5178962\" data-element_type=\"widget\" data-e-type=\"widget\" data-widget_type=\"wd_title.default\">\n\t\t\t\t<div class=\"elementor-widget-container\">\n\t\t\t\t\t\t\t<div class=\"title-wrapper wd-set-mb reset-last-child wd-title-color-primary wd-title-style-default wd-title-size-extra-large text-left\">\n\n\t\t\t\n\t\t\t<div class=\"liner-continer\">\n\t\t\t\t<h4 class=\"woodmart-title-container title wd-fontsize-xxxl\">About me<\/h4> \n\t\t\t\t\t\t\t<\/div>\n\n\t\t\t\t\t\t\t<div class=\"title-after_title reset-last-child wd-fontsize-s\">\n\t\t\t\t\t<p>Hello! I'm Romenia Virginia, but most people call me Joie. I'm the founder of Joie Natural. My background combines different worlds: I'm an economist with experience in micro-enterprises, as well as training in Phytotherapy, Reiki, ThetaHealing\u00ae, and specialization in Transgenerational Trauma in Psychology. Each experience helps me support women in undertaking authentic and gentle entrepreneurship.<\/p>\t\t\t\t<\/div>\n\t\t\t\t\t<\/div>\n\t\t\t\t\t\t<\/div>\n\t\t\t\t<\/div>\n\t\t\t\t<div class=\"elementor-element elementor-element-07c3bd6 elementor-widget__width-initial elementor-widget elementor-widget-wd_button\" data-id=\"07c3bd6\" data-element_type=\"widget\" data-e-type=\"widget\" data-widget_type=\"wd_button.default\">\n\t\t\t\t<div class=\"elementor-widget-container\">\n\t\t\t\t\t\t\t<div class=\"wd-button-wrapper text-left\" >\n\t\t\t<a class=\"btn btn-style-default btn-shape-rectangle btn-size-default btn-icon-pos-left\"  href=\"mailto:info@joienatural.com?subject=Quero%20saber%20mais%20sobre%20a%20Guian\u00e7a%20Gentil\">\n\t\t\t\t<span class=\"wd-btn-text\" data-elementor-setting-key=\"text\">\n\t\t\t\t\tWrite to me!\t\t\t\t<\/span>\n\n\t\t\t\t\t\t\t\t\t<span class=\"wd-btn-icon\">\n\t\t\t\t\t\t<svg class=\"wd-icon e-font-icon-svg e-fas-envelope\" viewbox=\"0 0 512 512\" xmlns=\"http:\/\/www.w3.org\/2000\/svg\"><path d=\"M502.3 190.8c3.9-3.1 9.7-.2 9.7 4.7V400c0 26.5-21.5 48-48 48H48c-26.5 0-48-21.5-48-48V195.6c0-5 5.7-7.8 9.7-4.7 22.4 17.4 52.1 39.5 154.1 113.6 21.1 15.4 56.7 47.8 92.2 47.6 35.7.3 72-32.8 92.3-47.6 102-74.1 131.6-96.3 154-113.7zM256 320c23.2.4 56.6-29.2 73.4-41.4 132.7-96.3 142.8-104.7 173.4-128.7 5.8-4.5 9.2-11.5 9.2-18.9v-19c0-26.5-21.5-48-48-48H48C21.5 64 0 85.5 0 112v19c0 7.4 3.4 14.3 9.2 18.9 30.6 23.9 40.7 32.4 173.4 128.7 16.8 12.2 50.2 41.8 73.4 41.4z\"><\/path><\/svg>\t\t\t\t\t<\/span>\n\t\t\t\t\t\t\t<\/a>\n\t\t<\/div>\n\t\t\t\t\t\t<\/div>\n\t\t\t\t<\/div>\n\t\t\t\t<\/div>\n\t\t\t\t\t<\/div>\n\t\t\t\t<\/div>\n\t\t<div class=\"wd-negative-gap elementor-element elementor-element-840a431 e-flex e-con-boxed e-con e-parent\" data-id=\"840a431\" data-element_type=\"container\" data-e-type=\"container\">\n\t\t\t\t\t<div class=\"e-con-inner\">\n\t\t<div class=\"elementor-element elementor-element-a3e5da0 e-con-full e-flex e-con e-child\" data-id=\"a3e5da0\" data-element_type=\"container\" data-e-type=\"container\">\n\t\t\t\t<div class=\"elementor-element elementor-element-1caf067 wd-width-100 elementor-widget elementor-widget-wd_title\" data-id=\"1caf067\" data-element_type=\"widget\" data-e-type=\"widget\" data-widget_type=\"wd_title.default\">\n\t\t\t\t<div class=\"elementor-widget-container\">\n\t\t\t\t\t\t\t<div class=\"title-wrapper wd-set-mb reset-last-child wd-title-color-primary wd-title-style-default wd-title-size-large text-left\">\n\n\t\t\t\n\t\t\t<div class=\"liner-continer\">\n\t\t\t\t<h4 class=\"woodmart-title-container title wd-fontsize-xxl\">Gentle Guidance<\/h4> \n\t\t\t\t\t\t\t<\/div>\n\n\t\t\t\t\t\t\t<div class=\"title-after_title reset-last-child wd-fontsize-s\">\n\t\t\t\t\t<p>If you are a woman who feels the desire to nurture and share your business in a natural, authentic way that is deeply aligned with your values, Gentle Guidance may be the path you are looking for.<\/p><p>Gentle Guidance is an intuitive and gentle business model designed for women with small projects who wish to flourish in harmony with their own essence. It&#039;s a way to remember, create, and undertake from the heart, celebrating kindness towards yourself and valuing the abundance of offline time.<\/p><h3>A different path in the business world.<\/h3><p>Here, you will not find ready-made formulas or pressure for immediate results. This business philosophy focuses on respecting your sensitivity and your choices, leading you on a journey where your business and your life harmonize.<\/p><p>From this journey, a new way of doing business is born. More than financial results, you will discover your own rhythm. It&#039;s a breath of fresh air: you stop trying to &quot;conquer&quot; your fears and start honoring your sensitivity, using it as your compass.<\/p><p>It&#039;s the transition from a state of overload and noise to a place of inner clarity and discernment. You feel safe to be who you are, without the weight of comparison or the need for immediate validation. It&#039;s the transition from a business that consumes you to a business that nourishes you.<\/p><p>Each Gentle Guidance session is unique, built from listening, intuitive reading, and what makes sense to you. After our online meeting, I will send you a personalized PDF guide, adapted to your pace and needs.<\/p><p><span style=\"color: #1b1919;font-size: 22px\">Because traditional models don&#039;t always work.<\/span><\/p><p>Traditional business strategies often seem aggressive. If you feel blocked or stuck trying to follow them, you&#039;re not alone; these models frequently ignore the desires and natural cycles of the feminine soul.<\/p><p>By freeing yourself from these formulas, the change manifests itself in your daily life: in the clarity when writing to those who seek you out, in the security of being present online without losing yourself, and in the inner authority to decide what is best for your business, free from external noise, in harmony with the voice of your heart.<\/p><h3>This guide was designed for you if\u2026<\/h3><p>You feel that the &quot;standard&quot; business model is exhausting and doesn&#039;t resonate with your personality.<\/p><p>Do you want a way to create, serve, and offer online without losing yourself?.<\/p><p>Do you wish to reconnect with your intuition and authenticity through your work?.<\/p><p>Do you want to thrive by respecting your time and taking care of your well-being?.<\/p><h3>My path and how I can support you.<\/h3><p>My own journey has been made up of many layers. Over time, I&#039;ve integrated different areas that, today, underpin the way I support you.<\/p><p>I bring with me a background in Economics, experience as a university professor, and experience in the world of micro-business. Later, in Herbalism, Reiki, and ThetaHealing\u00ae, I experienced healing as a process of returning to our essence.<\/p><p>Today, my work is also influenced by my specialization in Transgenerational Trauma, within the field of Psychology. Through this, I understand that we often carry burdens that are not our own: patterns inherited long before we became aware of them.<\/p><p>As a highly sensitive person, before replying to your email or beginning your guidance, I take a moment to feel. I read your words, allow myself to be with them, and feel how your energy shines through. It is at this moment that our journey begins.<\/p><p><span style=\"color: #1b1919;font-size: 22px\">What can we build together?<\/span><\/p><p>Rediscover your unique rhythm: where your sensitivity ceases to be an obstacle and becomes your greatest gift.<\/p><p>Structuring ideas: translating them into actions that resonate with your purpose.<\/p><p>Aligning values: so that your business becomes a natural extension of yourself, a space of sovereignty where your service flows naturally and authentically.<\/p>\t\t\t\t<\/div>\n\t\t\t\t\t<\/div>\n\t\t\t\t\t\t<\/div>\n\t\t\t\t<\/div>\n\t\t\t\t<\/div>\n\t\t\t\t\t<\/div>\n\t\t\t\t<\/div>\n\t\t<div class=\"wd-negative-gap elementor-element elementor-element-10821e6 e-flex e-con-boxed e-con e-parent\" data-id=\"10821e6\" data-element_type=\"container\" data-e-type=\"container\" data-settings=\"{&quot;background_background&quot;:&quot;classic&quot;}\">\n\t\t\t\t\t<div class=\"e-con-inner\">\n\t\t\t\t<div class=\"elementor-element elementor-element-eef9785 wd-width-100 elementor-widget elementor-widget-wd_title\" data-id=\"eef9785\" data-element_type=\"widget\" data-e-type=\"widget\" data-widget_type=\"wd_title.default\">\n\t\t\t\t<div class=\"elementor-widget-container\">\n\t\t\t\t\t\t\t<div class=\"title-wrapper wd-set-mb reset-last-child wd-title-color-white wd-title-style-default wd-title-size-large text-center\">\n\n\t\t\t\n\t\t\t<div class=\"liner-continer\">\n\t\t\t\t<h4 class=\"woodmart-title-container title wd-fontsize-xxl\">Shall we get closer?<\/h4> \n\t\t\t\t\t\t\t<\/div>\n\n\t\t\t\t\t\t\t<div class=\"title-after_title reset-last-child wd-fontsize-s\">\n\t\t\t\t\t<p>Gentle Guidance happens organically and respectfully. If this business model resonates with you, send me an email and tell me a little about yourself, your business, and what brought you here. I read your email carefully and, if I feel our paths cross, I will reply shortly.<\/p><p>It will be an honor to walk with you.<\/p>\t\t\t\t<\/div>\n\t\t\t\t\t<\/div>\n\t\t\t\t\t\t<\/div>\n\t\t\t\t<\/div>\n\t\t\t\t<div class=\"elementor-element elementor-element-fa4aef8 elementor-widget elementor-widget-wd_button\" data-id=\"fa4aef8\" data-element_type=\"widget\" data-e-type=\"widget\" data-widget_type=\"wd_button.default\">\n\t\t\t\t<div class=\"elementor-widget-container\">\n\t\t\t\t\t\t\t<div class=\"wd-button-wrapper text-center\" >\n\t\t\t<a class=\"btn btn-style-default btn-shape-rectangle btn-size-default btn-color-primary btn-icon-pos-left\"  href=\"mailto:info@joienatural.com?subject=Quero%20saber%20mais%20sobre%20a%20Guian\u00e7a%20Gentil\">\n\t\t\t\t<span class=\"wd-btn-text\" data-elementor-setting-key=\"text\">\n\t\t\t\t\tI want!\t\t\t\t<\/span>\n\n\t\t\t\t\t\t\t\t\t<span class=\"wd-btn-icon\">\n\t\t\t\t\t\t<svg class=\"wd-icon e-font-icon-svg e-fas-envelope\" viewbox=\"0 0 512 512\" xmlns=\"http:\/\/www.w3.org\/2000\/svg\"><path d=\"M502.3 190.8c3.9-3.1 9.7-.2 9.7 4.7V400c0 26.5-21.5 48-48 48H48c-26.5 0-48-21.5-48-48V195.6c0-5 5.7-7.8 9.7-4.7 22.4 17.4 52.1 39.5 154.1 113.6 21.1 15.4 56.7 47.8 92.2 47.6 35.7.3 72-32.8 92.3-47.6 102-74.1 131.6-96.3 154-113.7zM256 320c23.2.4 56.6-29.2 73.4-41.4 132.7-96.3 142.8-104.7 173.4-128.7 5.8-4.5 9.2-11.5 9.2-18.9v-19c0-26.5-21.5-48-48-48H48C21.5 64 0 85.5 0 112v19c0 7.4 3.4 14.3 9.2 18.9 30.6 23.9 40.7 32.4 173.4 128.7 16.8 12.2 50.2 41.8 73.4 41.4z\"><\/path><\/svg>\t\t\t\t\t<\/span>\n\t\t\t\t\t\t\t<\/a>\n\t\t<\/div>\n\t\t\t\t\t\t<\/div>\n\t\t\t\t<\/div>\n\t\t\t\t\t<\/div>\n\t\t\t\t<\/div>\n\t\t\t\t<\/div>","protected":false},"excerpt":{"rendered":"<p>Sobre mim Ol\u00e1! Sou Romenia Virginia, mas a maioria chama-me Joie. Sou fundadora da Joie Natural. O meu percurso combina<\/p>","protected":false},"author":1,"featured_media":0,"parent":0,"menu_order":0,"comment_status":"open","ping_status":"closed","template":"","meta":{"footnotes":""},"class_list":["post-8639","page","type-page","status-publish","hentry"],"yoast_head":"<!-- This site is optimized with the Yoast SEO plugin v27.5 - https:\/\/yoast.com\/product\/yoast-seo-wordpress\/ -->\n<title>Guian\u00e7a Gentil - Joie Natural<\/title>\n<meta name=\"description\" content=\"Neg\u00f3cio intuitivo feminino para mulheres que querem empreender com autenticidade, respeitando o seu ritmo, intui\u00e7\u00e3o e bem-estar.\" \/>\n<meta name=\"robots\" content=\"index, follow, max-snippet:-1, max-image-preview:large, max-video-preview:-1\" \/>\n<link rel=\"canonical\" href=\"https:\/\/joienatural.com\/en\/guianca-gentil\/\" \/>\n<meta property=\"og:locale\" content=\"en_US\" \/>\n<meta property=\"og:type\" content=\"article\" \/>\n<meta property=\"og:title\" content=\"Guian\u00e7a Gentil - Joie Natural\" \/>\n<meta property=\"og:description\" content=\"Neg\u00f3cio intuitivo feminino para mulheres que querem empreender com autenticidade, respeitando o seu ritmo, intui\u00e7\u00e3o e bem-estar.\" \/>\n<meta property=\"og:url\" content=\"https:\/\/joienatural.com\/en\/guianca-gentil\/\" \/>\n<meta property=\"og:site_name\" content=\"Joie Natural\" \/>\n<meta property=\"article:publisher\" content=\"https:\/\/www.facebook.com\/joienatural2024\/\" \/>\n<meta property=\"article:modified_time\" content=\"2026-02-07T13:08:03+00:00\" \/>\n<meta property=\"og:image\" content=\"https:\/\/joienatural.com\/wp-content\/uploads\/2026\/01\/romenia-foto-400x400-redonda.png\" \/>\n<meta name=\"twitter:card\" content=\"summary_large_image\" \/>\n<meta name=\"twitter:label1\" content=\"Est. reading time\" \/>\n\t<meta name=\"twitter:data1\" content=\"5 minutes\" \/>\n<script type=\"application\/ld+json\" class=\"yoast-schema-graph\">{\"@context\":\"https:\\\/\\\/schema.org\",\"@graph\":[{\"@type\":\"WebPage\",\"@id\":\"https:\\\/\\\/joienatural.com\\\/guianca-gentil\\\/\",\"url\":\"https:\\\/\\\/joienatural.com\\\/guianca-gentil\\\/\",\"name\":\"Guian\u00e7a Gentil - Joie Natural\",\"isPartOf\":{\"@id\":\"https:\\\/\\\/joienatural.com\\\/#website\"},\"primaryImageOfPage\":{\"@id\":\"https:\\\/\\\/joienatural.com\\\/guianca-gentil\\\/#primaryimage\"},\"image\":{\"@id\":\"https:\\\/\\\/joienatural.com\\\/guianca-gentil\\\/#primaryimage\"},\"thumbnailUrl\":\"https:\\\/\\\/joienatural.com\\\/wp-content\\\/uploads\\\/2026\\\/01\\\/romenia-foto-400x400-redonda.png\",\"datePublished\":\"2021-11-04T14:30:12+00:00\",\"dateModified\":\"2026-02-07T13:08:03+00:00\",\"description\":\"Neg\u00f3cio intuitivo feminino para mulheres que querem empreender com autenticidade, respeitando o seu ritmo, intui\u00e7\u00e3o e bem-estar.\",\"breadcrumb\":{\"@id\":\"https:\\\/\\\/joienatural.com\\\/guianca-gentil\\\/#breadcrumb\"},\"inLanguage\":\"en-US\",\"potentialAction\":[{\"@type\":\"ReadAction\",\"target\":[\"https:\\\/\\\/joienatural.com\\\/guianca-gentil\\\/\"]}]},{\"@type\":\"ImageObject\",\"inLanguage\":\"en-US\",\"@id\":\"https:\\\/\\\/joienatural.com\\\/guianca-gentil\\\/#primaryimage\",\"url\":\"https:\\\/\\\/joienatural.com\\\/wp-content\\\/uploads\\\/2026\\\/01\\\/romenia-foto-400x400-redonda.png\",\"contentUrl\":\"https:\\\/\\\/joienatural.com\\\/wp-content\\\/uploads\\\/2026\\\/01\\\/romenia-foto-400x400-redonda.png\"},{\"@type\":\"BreadcrumbList\",\"@id\":\"https:\\\/\\\/joienatural.com\\\/guianca-gentil\\\/#breadcrumb\",\"itemListElement\":[{\"@type\":\"ListItem\",\"position\":1,\"name\":\"In\u00edcio\",\"item\":\"https:\\\/\\\/joienatural.com\\\/\"},{\"@type\":\"ListItem\",\"position\":2,\"name\":\"Guian\u00e7a Gentil\"}]},{\"@type\":\"WebSite\",\"@id\":\"https:\\\/\\\/joienatural.com\\\/#website\",\"url\":\"https:\\\/\\\/joienatural.com\\\/\",\"name\":\"Joie Natural\",\"description\":\"Joie oferece um caminho que conecta o corpo e a mente \u00e0 sabedoria da terra.\",\"publisher\":{\"@id\":\"https:\\\/\\\/joienatural.com\\\/#organization\"},\"alternateName\":\"JoieNatural\",\"potentialAction\":[{\"@type\":\"SearchAction\",\"target\":{\"@type\":\"EntryPoint\",\"urlTemplate\":\"https:\\\/\\\/joienatural.com\\\/?s={search_term_string}\"},\"query-input\":{\"@type\":\"PropertyValueSpecification\",\"valueRequired\":true,\"valueName\":\"search_term_string\"}}],\"inLanguage\":\"en-US\"},{\"@type\":\"Organization\",\"@id\":\"https:\\\/\\\/joienatural.com\\\/#organization\",\"name\":\"Joie Natural\",\"alternateName\":\"JoieNatural\",\"url\":\"https:\\\/\\\/joienatural.com\\\/\",\"logo\":{\"@type\":\"ImageObject\",\"inLanguage\":\"en-US\",\"@id\":\"https:\\\/\\\/joienatural.com\\\/#\\\/schema\\\/logo\\\/image\\\/\",\"url\":\"https:\\\/\\\/joienatural.com\\\/wp-content\\\/uploads\\\/2023\\\/12\\\/joie-icon.png\",\"contentUrl\":\"https:\\\/\\\/joienatural.com\\\/wp-content\\\/uploads\\\/2023\\\/12\\\/joie-icon.png\",\"width\":352,\"height\":572,\"caption\":\"Joie Natural\"},\"image\":{\"@id\":\"https:\\\/\\\/joienatural.com\\\/#\\\/schema\\\/logo\\\/image\\\/\"},\"sameAs\":[\"https:\\\/\\\/www.facebook.com\\\/joienatural2024\\\/\",\"https:\\\/\\\/www.instagram.com\\\/joie.natural\\\/\",\"https:\\\/\\\/pt.pinterest.com\\\/joienatural\\\/\"]}]}<\/script>\n<!-- \/ Yoast SEO plugin. -->","yoast_head_json":{"title":"Guian\u00e7a Gentil - Joie Natural","description":"Neg\u00f3cio intuitivo feminino para mulheres que querem empreender com autenticidade, respeitando o seu ritmo, intui\u00e7\u00e3o e bem-estar.","robots":{"index":"index","follow":"follow","max-snippet":"max-snippet:-1","max-image-preview":"max-image-preview:large","max-video-preview":"max-video-preview:-1"},"canonical":"https:\/\/joienatural.com\/en\/guianca-gentil\/","og_locale":"en_US","og_type":"article","og_title":"Guian\u00e7a Gentil - Joie Natural","og_description":"Neg\u00f3cio intuitivo feminino para mulheres que querem empreender com autenticidade, respeitando o seu ritmo, intui\u00e7\u00e3o e bem-estar.","og_url":"https:\/\/joienatural.com\/en\/guianca-gentil\/","og_site_name":"Joie Natural","article_publisher":"https:\/\/www.facebook.com\/joienatural2024\/","article_modified_time":"2026-02-07T13:08:03+00:00","og_image":[{"url":"https:\/\/joienatural.com\/wp-content\/uploads\/2026\/01\/romenia-foto-400x400-redonda.png","type":"","width":"","height":""}],"twitter_card":"summary_large_image","twitter_misc":{"Est. reading time":"5 minutes"},"schema":{"@context":"https:\/\/schema.org","@graph":[{"@type":"WebPage","@id":"https:\/\/joienatural.com\/guianca-gentil\/","url":"https:\/\/joienatural.com\/guianca-gentil\/","name":"Guian\u00e7a Gentil - Joie Natural","isPartOf":{"@id":"https:\/\/joienatural.com\/#website"},"primaryImageOfPage":{"@id":"https:\/\/joienatural.com\/guianca-gentil\/#primaryimage"},"image":{"@id":"https:\/\/joienatural.com\/guianca-gentil\/#primaryimage"},"thumbnailUrl":"https:\/\/joienatural.com\/wp-content\/uploads\/2026\/01\/romenia-foto-400x400-redonda.png","datePublished":"2021-11-04T14:30:12+00:00","dateModified":"2026-02-07T13:08:03+00:00","description":"Neg\u00f3cio intuitivo feminino para mulheres que querem empreender com autenticidade, respeitando o seu ritmo, intui\u00e7\u00e3o e bem-estar.","breadcrumb":{"@id":"https:\/\/joienatural.com\/guianca-gentil\/#breadcrumb"},"inLanguage":"en-US","potentialAction":[{"@type":"ReadAction","target":["https:\/\/joienatural.com\/guianca-gentil\/"]}]},{"@type":"ImageObject","inLanguage":"en-US","@id":"https:\/\/joienatural.com\/guianca-gentil\/#primaryimage","url":"https:\/\/joienatural.com\/wp-content\/uploads\/2026\/01\/romenia-foto-400x400-redonda.png","contentUrl":"https:\/\/joienatural.com\/wp-content\/uploads\/2026\/01\/romenia-foto-400x400-redonda.png"},{"@type":"BreadcrumbList","@id":"https:\/\/joienatural.com\/guianca-gentil\/#breadcrumb","itemListElement":[{"@type":"ListItem","position":1,"name":"In\u00edcio","item":"https:\/\/joienatural.com\/"},{"@type":"ListItem","position":2,"name":"Guian\u00e7a Gentil"}]},{"@type":"WebSite","@id":"https:\/\/joienatural.com\/#website","url":"https:\/\/joienatural.com\/","name":"Natural Joy","description":"Joie offers a path that connects body and mind to the wisdom of the earth.","publisher":{"@id":"https:\/\/joienatural.com\/#organization"},"alternateName":"JoieNatural","potentialAction":[{"@type":"SearchAction","target":{"@type":"EntryPoint","urlTemplate":"https:\/\/joienatural.com\/?s={search_term_string}"},"query-input":{"@type":"PropertyValueSpecification","valueRequired":true,"valueName":"search_term_string"}}],"inLanguage":"en-US"},{"@type":"Organization","@id":"https:\/\/joienatural.com\/#organization","name":"Natural Joy","alternateName":"JoieNatural","url":"https:\/\/joienatural.com\/","logo":{"@type":"ImageObject","inLanguage":"en-US","@id":"https:\/\/joienatural.com\/#\/schema\/logo\/image\/","url":"https:\/\/joienatural.com\/wp-content\/uploads\/2023\/12\/joie-icon.png","contentUrl":"https:\/\/joienatural.com\/wp-content\/uploads\/2023\/12\/joie-icon.png","width":352,"height":572,"caption":"Joie Natural"},"image":{"@id":"https:\/\/joienatural.com\/#\/schema\/logo\/image\/"},"sameAs":["https:\/\/www.facebook.com\/joienatural2024\/","https:\/\/www.instagram.com\/joie.natural\/","https:\/\/pt.pinterest.com\/joienatural\/"]}]}},"_links":{"self":[{"href":"https:\/\/joienatural.com\/en\/wp-json\/wp\/v2\/pages\/8639","targetHints":{"allow":["GET"]}}],"collection":[{"href":"https:\/\/joienatural.com\/en\/wp-json\/wp\/v2\/pages"}],"about":[{"href":"https:\/\/joienatural.com\/en\/wp-json\/wp\/v2\/types\/page"}],"author":[{"embeddable":true,"href":"https:\/\/joienatural.com\/en\/wp-json\/wp\/v2\/users\/1"}],"replies":[{"embeddable":true,"href":"https:\/\/joienatural.com\/en\/wp-json\/wp\/v2\/comments?post=8639"}],"version-history":[{"count":95,"href":"https:\/\/joienatural.com\/en\/wp-json\/wp\/v2\/pages\/8639\/revisions"}],"predecessor-version":[{"id":17602,"href":"https:\/\/joienatural.com\/en\/wp-json\/wp\/v2\/pages\/8639\/revisions\/17602"}],"wp:attachment":[{"href":"https:\/\/joienatural.com\/en\/wp-json\/wp\/v2\/media?parent=8639"}],"curies":[{"name":"wp","href":"https:\/\/api.w.org\/{rel}","templated":true}]}}