{"id":15799,"date":"2024-02-10T17:49:59","date_gmt":"2024-02-10T17:49:59","guid":{"rendered":"https:\/\/joienatural.com\/?post_type=product&#038;p=15799"},"modified":"2026-03-02T21:10:36","modified_gmt":"2026-03-02T21:10:36","slug":"trio-banho-botanico","status":"publish","type":"product","link":"https:\/\/joienatural.com\/en\/product\/trio-banho-botanico\/","title":{"rendered":"Botanical Bath Trio"},"content":{"rendered":"<p><strong>Botanical Trio<\/strong><\/p>\n<p>Feel the Spirit when you need vital energy.<br \/>\nCalm when you need to gather.<br \/>\nBeing there when you need to breathe.<\/p>\n<p><strong>This is complete care. And it&#039;s waiting for you.<\/strong><\/p>\n<p>The Botanical Trio brings together three botanical rituals created to accompany you at every moment of your cycle, with organic flowers and herbs, ancestral wisdom, and the transformative power of medicinal herbs.<\/p>\n<p>Because there are days that call for it. <strong>Cheer up. <\/strong><\/p>\n<p>Others who ask <strong>Calm. <\/strong><\/p>\n<p>And others who ask only for a deep breath over the vapor of the flowers.<\/p>\n<p><strong>Because true care doesn&#039;t choose just one moment. It chooses them all.<\/strong><\/p>\n<p><strong>\ud83c\udf3f\ud83c\udf19 \ud83c\udf38What&#039;s included<\/strong><\/p>\n<p><strong>Shower Spirit:<\/strong> The breath that ignites your inner fire. To encourage, give confidence, and inspire.<br \/>\n<strong>Calming Bath:<\/strong> The ancestral embrace that cradles you. To soothe, nourish, and relieve.<br \/>\n<strong>Botanical Facial Steamer:<\/strong> Breathing brings you to the present moment. To purify, calm, and reconnect.<\/p>\n<p><em>All herbs are organic, vegan and free from synthetic additives.<\/em><\/p>\n<p>\ud83d\udce6<strong> Details<\/strong><\/p>\n<p data-path-to-node=\"11\"><strong>Content:<\/strong> 3 products with 50g of organic flowers and herbs (1 to 2 uses).<\/p>\n<p data-path-to-node=\"11\"><strong>Includes:<\/strong> Reusable cloth bag.<\/p>\n<p data-path-to-node=\"11\"><strong>Ethics:<\/strong>\u00a0 Vegan.<\/p>\n<p><strong>\ud83c\udf3f\ud83c\udf19 \ud83c\udf38Strength. Calm. Presence. Your complete ritual begins now.<\/strong><\/p>\n<p data-path-to-node=\"12\"><em>This product is not a substitute for medical advice. We recommend consulting a healthcare professional before using herbal products, especially if you are pregnant, breastfeeding, or taking medication.<\/em><\/p>","protected":false},"excerpt":{"rendered":"<p data-start=\"156\" data-end=\"199\">Feel the fire when you need strength.<\/p>\n<p data-start=\"156\" data-end=\"199\">Calmness when you need to gather.<\/p>\n<p data-start=\"156\" data-end=\"199\">Being there when you need to breathe.<\/p>\n<p data-start=\"156\" data-end=\"199\">Three botanical rituals for each moment of your cycle: Energy, Calm, and Botanical Facial Steam.<\/p>\n<p data-start=\"156\" data-end=\"199\">Because true care doesn&#039;t choose just one moment. It chooses them all.<\/p>","protected":false},"featured_media":17304,"comment_status":"open","ping_status":"closed","template":"","meta":[],"product_brand":[],"product_cat":[70,73],"product_tag":[],"class_list":{"0":"post-15799","1":"product","2":"type-product","3":"status-publish","4":"has-post-thumbnail","6":"product_cat-banho","7":"product_cat-conjuntos","9":"first","10":"instock","11":"shipping-taxable","12":"purchasable","13":"product-type-simple"},"yoast_head":"<!-- This site is optimized with the Yoast SEO plugin v27.1.1 - https:\/\/yoast.com\/product\/yoast-seo-wordpress\/ -->\n<title>Trio Banho Bot\u00e2nico - Joie Natural<\/title>\n<meta name=\"description\" content=\"Tr\u00eas rituais bot\u00e2nicos para cada momento do teu ciclo \u00c2nimo, Calma e Vapor Facial. Porque o cuidado verdadeiro n\u00e3o escolhe apenas um momento. Escolhe todos.\" \/>\n<meta name=\"robots\" content=\"index, follow, max-snippet:-1, max-image-preview:large, max-video-preview:-1\" \/>\n<link rel=\"canonical\" href=\"https:\/\/joienatural.com\/en\/product\/trio-banho-botanico\/\" \/>\n<meta property=\"og:locale\" content=\"en_US\" \/>\n<meta property=\"og:type\" content=\"article\" \/>\n<meta property=\"og:title\" content=\"Trio Banho Bot\u00e2nico - Joie Natural\" \/>\n<meta property=\"og:description\" content=\"Tr\u00eas rituais bot\u00e2nicos para cada momento do teu ciclo \u00c2nimo, Calma e Vapor Facial. Porque o cuidado verdadeiro n\u00e3o escolhe apenas um momento. Escolhe todos.\" \/>\n<meta property=\"og:url\" content=\"https:\/\/joienatural.com\/en\/product\/trio-banho-botanico\/\" \/>\n<meta property=\"og:site_name\" content=\"Joie Natural\" \/>\n<meta property=\"article:publisher\" content=\"https:\/\/www.facebook.com\/joienatural2024\/\" \/>\n<meta property=\"article:modified_time\" content=\"2026-03-02T21:10:36+00:00\" \/>\n<meta property=\"og:image\" content=\"https:\/\/joienatural.com\/wp-content\/uploads\/2024\/02\/triobotanico.jpg\" \/>\n\t<meta property=\"og:image:width\" content=\"2048\" \/>\n\t<meta property=\"og:image:height\" content=\"2048\" \/>\n\t<meta property=\"og:image:type\" content=\"image\/jpeg\" \/>\n<meta name=\"twitter:card\" content=\"summary_large_image\" \/>\n<meta name=\"twitter:label1\" content=\"Est. reading time\" \/>\n\t<meta name=\"twitter:data1\" content=\"2 minutes\" \/>\n<script type=\"application\/ld+json\" class=\"yoast-schema-graph\">{\"@context\":\"https:\/\/schema.org\",\"@graph\":[{\"@type\":\"WebPage\",\"@id\":\"https:\/\/joienatural.com\/produto\/trio-banho-botanico\/\",\"url\":\"https:\/\/joienatural.com\/produto\/trio-banho-botanico\/\",\"name\":\"Trio Banho Bot\u00e2nico - Joie Natural\",\"isPartOf\":{\"@id\":\"https:\/\/joienatural.com\/#website\"},\"primaryImageOfPage\":{\"@id\":\"https:\/\/joienatural.com\/produto\/trio-banho-botanico\/#primaryimage\"},\"image\":{\"@id\":\"https:\/\/joienatural.com\/produto\/trio-banho-botanico\/#primaryimage\"},\"thumbnailUrl\":\"https:\/\/joienatural.com\/wp-content\/uploads\/2024\/02\/triobotanico.jpg\",\"datePublished\":\"2024-02-10T17:49:59+00:00\",\"dateModified\":\"2026-03-02T21:10:36+00:00\",\"description\":\"Tr\u00eas rituais bot\u00e2nicos para cada momento do teu ciclo \u00c2nimo, Calma e Vapor Facial. Porque o cuidado verdadeiro n\u00e3o escolhe apenas um momento. Escolhe todos.\",\"breadcrumb\":{\"@id\":\"https:\/\/joienatural.com\/produto\/trio-banho-botanico\/#breadcrumb\"},\"inLanguage\":\"en-US\",\"potentialAction\":[{\"@type\":\"ReadAction\",\"target\":[\"https:\/\/joienatural.com\/produto\/trio-banho-botanico\/\"]}]},{\"@type\":\"ImageObject\",\"inLanguage\":\"en-US\",\"@id\":\"https:\/\/joienatural.com\/produto\/trio-banho-botanico\/#primaryimage\",\"url\":\"https:\/\/joienatural.com\/wp-content\/uploads\/2024\/02\/triobotanico.jpg\",\"contentUrl\":\"https:\/\/joienatural.com\/wp-content\/uploads\/2024\/02\/triobotanico.jpg\",\"width\":2048,\"height\":2048},{\"@type\":\"BreadcrumbList\",\"@id\":\"https:\/\/joienatural.com\/produto\/trio-banho-botanico\/#breadcrumb\",\"itemListElement\":[{\"@type\":\"ListItem\",\"position\":1,\"name\":\"In\u00edcio\",\"item\":\"https:\/\/joienatural.com\/\"},{\"@type\":\"ListItem\",\"position\":2,\"name\":\"Loja\",\"item\":\"https:\/\/joienatural.com\/loja\/\"},{\"@type\":\"ListItem\",\"position\":3,\"name\":\"Trio Banho Bot\u00e2nico\"}]},{\"@type\":\"WebSite\",\"@id\":\"https:\/\/joienatural.com\/#website\",\"url\":\"https:\/\/joienatural.com\/\",\"name\":\"Joie Natural\",\"description\":\"Joie oferece um caminho que conecta o corpo e a mente \u00e0 sabedoria da terra.\",\"publisher\":{\"@id\":\"https:\/\/joienatural.com\/#organization\"},\"alternateName\":\"JoieNatural\",\"potentialAction\":[{\"@type\":\"SearchAction\",\"target\":{\"@type\":\"EntryPoint\",\"urlTemplate\":\"https:\/\/joienatural.com\/?s={search_term_string}\"},\"query-input\":{\"@type\":\"PropertyValueSpecification\",\"valueRequired\":true,\"valueName\":\"search_term_string\"}}],\"inLanguage\":\"en-US\"},{\"@type\":\"Organization\",\"@id\":\"https:\/\/joienatural.com\/#organization\",\"name\":\"Joie Natural\",\"alternateName\":\"JoieNatural\",\"url\":\"https:\/\/joienatural.com\/\",\"logo\":{\"@type\":\"ImageObject\",\"inLanguage\":\"en-US\",\"@id\":\"https:\/\/joienatural.com\/#\/schema\/logo\/image\/\",\"url\":\"https:\/\/joienatural.com\/wp-content\/uploads\/2023\/12\/joie-icon.png\",\"contentUrl\":\"https:\/\/joienatural.com\/wp-content\/uploads\/2023\/12\/joie-icon.png\",\"width\":352,\"height\":572,\"caption\":\"Joie Natural\"},\"image\":{\"@id\":\"https:\/\/joienatural.com\/#\/schema\/logo\/image\/\"},\"sameAs\":[\"https:\/\/www.facebook.com\/joienatural2024\/\",\"https:\/\/www.instagram.com\/joie.natural\/\",\"https:\/\/pt.pinterest.com\/joienatural\/\"]}]}<\/script>\n<!-- \/ Yoast SEO plugin. -->","yoast_head_json":{"title":"Trio Banho Bot\u00e2nico - Joie Natural","description":"Tr\u00eas rituais bot\u00e2nicos para cada momento do teu ciclo \u00c2nimo, Calma e Vapor Facial. Porque o cuidado verdadeiro n\u00e3o escolhe apenas um momento. Escolhe todos.","robots":{"index":"index","follow":"follow","max-snippet":"max-snippet:-1","max-image-preview":"max-image-preview:large","max-video-preview":"max-video-preview:-1"},"canonical":"https:\/\/joienatural.com\/en\/product\/trio-banho-botanico\/","og_locale":"en_US","og_type":"article","og_title":"Trio Banho Bot\u00e2nico - Joie Natural","og_description":"Tr\u00eas rituais bot\u00e2nicos para cada momento do teu ciclo \u00c2nimo, Calma e Vapor Facial. Porque o cuidado verdadeiro n\u00e3o escolhe apenas um momento. Escolhe todos.","og_url":"https:\/\/joienatural.com\/en\/product\/trio-banho-botanico\/","og_site_name":"Joie Natural","article_publisher":"https:\/\/www.facebook.com\/joienatural2024\/","article_modified_time":"2026-03-02T21:10:36+00:00","og_image":[{"width":2048,"height":2048,"url":"https:\/\/joienatural.com\/wp-content\/uploads\/2024\/02\/triobotanico.jpg","type":"image\/jpeg"}],"twitter_card":"summary_large_image","twitter_misc":{"Est. reading time":"2 minutes"},"schema":{"@context":"https:\/\/schema.org","@graph":[{"@type":"WebPage","@id":"https:\/\/joienatural.com\/produto\/trio-banho-botanico\/","url":"https:\/\/joienatural.com\/produto\/trio-banho-botanico\/","name":"Trio Banho Bot\u00e2nico - Joie Natural","isPartOf":{"@id":"https:\/\/joienatural.com\/#website"},"primaryImageOfPage":{"@id":"https:\/\/joienatural.com\/produto\/trio-banho-botanico\/#primaryimage"},"image":{"@id":"https:\/\/joienatural.com\/produto\/trio-banho-botanico\/#primaryimage"},"thumbnailUrl":"https:\/\/joienatural.com\/wp-content\/uploads\/2024\/02\/triobotanico.jpg","datePublished":"2024-02-10T17:49:59+00:00","dateModified":"2026-03-02T21:10:36+00:00","description":"Tr\u00eas rituais bot\u00e2nicos para cada momento do teu ciclo \u00c2nimo, Calma e Vapor Facial. Porque o cuidado verdadeiro n\u00e3o escolhe apenas um momento. Escolhe todos.","breadcrumb":{"@id":"https:\/\/joienatural.com\/produto\/trio-banho-botanico\/#breadcrumb"},"inLanguage":"en-US","potentialAction":[{"@type":"ReadAction","target":["https:\/\/joienatural.com\/produto\/trio-banho-botanico\/"]}]},{"@type":"ImageObject","inLanguage":"en-US","@id":"https:\/\/joienatural.com\/produto\/trio-banho-botanico\/#primaryimage","url":"https:\/\/joienatural.com\/wp-content\/uploads\/2024\/02\/triobotanico.jpg","contentUrl":"https:\/\/joienatural.com\/wp-content\/uploads\/2024\/02\/triobotanico.jpg","width":2048,"height":2048},{"@type":"BreadcrumbList","@id":"https:\/\/joienatural.com\/produto\/trio-banho-botanico\/#breadcrumb","itemListElement":[{"@type":"ListItem","position":1,"name":"In\u00edcio","item":"https:\/\/joienatural.com\/"},{"@type":"ListItem","position":2,"name":"Loja","item":"https:\/\/joienatural.com\/loja\/"},{"@type":"ListItem","position":3,"name":"Trio Banho Bot\u00e2nico"}]},{"@type":"WebSite","@id":"https:\/\/joienatural.com\/#website","url":"https:\/\/joienatural.com\/","name":"Natural Joy","description":"Joie offers a path that connects body and mind to the wisdom of the earth.","publisher":{"@id":"https:\/\/joienatural.com\/#organization"},"alternateName":"JoieNatural","potentialAction":[{"@type":"SearchAction","target":{"@type":"EntryPoint","urlTemplate":"https:\/\/joienatural.com\/?s={search_term_string}"},"query-input":{"@type":"PropertyValueSpecification","valueRequired":true,"valueName":"search_term_string"}}],"inLanguage":"en-US"},{"@type":"Organization","@id":"https:\/\/joienatural.com\/#organization","name":"Natural Joy","alternateName":"JoieNatural","url":"https:\/\/joienatural.com\/","logo":{"@type":"ImageObject","inLanguage":"en-US","@id":"https:\/\/joienatural.com\/#\/schema\/logo\/image\/","url":"https:\/\/joienatural.com\/wp-content\/uploads\/2023\/12\/joie-icon.png","contentUrl":"https:\/\/joienatural.com\/wp-content\/uploads\/2023\/12\/joie-icon.png","width":352,"height":572,"caption":"Joie Natural"},"image":{"@id":"https:\/\/joienatural.com\/#\/schema\/logo\/image\/"},"sameAs":["https:\/\/www.facebook.com\/joienatural2024\/","https:\/\/www.instagram.com\/joie.natural\/","https:\/\/pt.pinterest.com\/joienatural\/"]}]}},"_links":{"self":[{"href":"https:\/\/joienatural.com\/en\/wp-json\/wp\/v2\/product\/15799","targetHints":{"allow":["GET"]}}],"collection":[{"href":"https:\/\/joienatural.com\/en\/wp-json\/wp\/v2\/product"}],"about":[{"href":"https:\/\/joienatural.com\/en\/wp-json\/wp\/v2\/types\/product"}],"replies":[{"embeddable":true,"href":"https:\/\/joienatural.com\/en\/wp-json\/wp\/v2\/comments?post=15799"}],"version-history":[{"count":13,"href":"https:\/\/joienatural.com\/en\/wp-json\/wp\/v2\/product\/15799\/revisions"}],"predecessor-version":[{"id":17676,"href":"https:\/\/joienatural.com\/en\/wp-json\/wp\/v2\/product\/15799\/revisions\/17676"}],"wp:featuredmedia":[{"embeddable":true,"href":"https:\/\/joienatural.com\/en\/wp-json\/wp\/v2\/media\/17304"}],"wp:attachment":[{"href":"https:\/\/joienatural.com\/en\/wp-json\/wp\/v2\/media?parent=15799"}],"wp:term":[{"taxonomy":"product_brand","embeddable":true,"href":"https:\/\/joienatural.com\/en\/wp-json\/wp\/v2\/product_brand?post=15799"},{"taxonomy":"product_cat","embeddable":true,"href":"https:\/\/joienatural.com\/en\/wp-json\/wp\/v2\/product_cat?post=15799"},{"taxonomy":"product_tag","embeddable":true,"href":"https:\/\/joienatural.com\/en\/wp-json\/wp\/v2\/product_tag?post=15799"}],"curies":[{"name":"wp","href":"https:\/\/api.w.org\/{rel}","templated":true}]}}