{"id":16102,"date":"2024-04-03T17:02:23","date_gmt":"2024-04-03T17:02:23","guid":{"rendered":"https:\/\/joienatural.com\/?post_type=product&#038;p=16102"},"modified":"2026-03-03T11:18:20","modified_gmt":"2026-03-03T11:18:20","slug":"ecopads-o-gesto-que-te-escolhe-a-ti","status":"publish","type":"product","link":"https:\/\/joienatural.com\/en\/product\/ecopads-o-gesto-que-te-escolhe-a-ti\/","title":{"rendered":"Ecopads \u2014 The Gesture That Chooses You"},"content":{"rendered":"<p>Feel the softness of natural cotton against your face.<br \/>\nThe simple gesture that transforms routine into ritual.<br \/>\nThe choice that defines who you are.<\/p>\n<p><strong>This is mindful self-care. And it starts in your hands.<\/strong><\/p>\n<p>Handmade with 100% natural cotton yarn, without artificial dyes, the <strong>Ecopads<\/strong> They are a sustainable treat for your skin and the planet. Their soft texture gently envelops the face and, when used for natural dry exfoliation, they renew the skin, activate circulation and awaken the radiance within you.<\/p>\n<p>Small gestures that say a lot about who you are. Every choice isn&#039;t just a choice of skin color. It&#039;s a life choice. A gesture that says: I matter. What I touch matters. What I leave in the world matters.<\/p>\n<p><strong>\ud83c\udf3f How to use<\/strong><\/p>\n<p>Remove your makeup with your favorite vegetable oil.<br \/>\nGently cleanses the face daily.<br \/>\nNatural dry exfoliation to renew and brighten the skin.<\/p>\n<p><strong><span class=\"x19la9d6 x1fc57z9 x6ikm8r x10wlt62 x19co3pv x11tp94h xfibh0p xiy17q3 x1xsqp64 x1lkfr7t xexx8yu xyri2b x18d9i69 x1c1uobl\"><span class=\"xrtxmta x1bhl96m\">\ud83e\udee7<\/span><\/span>\u00a0How to care<\/strong><\/p>\n<p>Wash with water and mild soap. Let it air dry. Simple, like your ritual.<\/p>\n<p><strong>\ud83d\udce6 Details<\/strong><br \/>\n3 reusable crochet discs \u00b7 100% Natural cotton \u00b7 Handmade \u00b7 No artificial dyes \u00b7 Sustainable.<\/p>\n<p><strong>\ud83c\udf38\u2728 A small gesture. A profound act of care. Your mindful ritual begins now.<\/strong><\/p>","protected":false},"excerpt":{"rendered":"<p>Feel the softness of natural cotton against your face.<\/p>\n<p>A simple gesture that transforms routine into ritual.<\/p>\n<p>The choice that defines who you are.<\/p>\n<p>&nbsp;<\/p>","protected":false},"featured_media":16103,"comment_status":"open","ping_status":"closed","template":"","meta":[],"product_brand":[],"product_cat":[71],"product_tag":[],"class_list":{"0":"post-16102","1":"product","2":"type-product","3":"status-publish","4":"has-post-thumbnail","6":"product_cat-rosto","8":"first","9":"instock","10":"shipping-taxable","11":"purchasable","12":"product-type-simple"},"yoast_head":"<!-- This site is optimized with the Yoast SEO plugin v27.4 - https:\/\/yoast.com\/product\/yoast-seo-wordpress\/ -->\n<title>Ecopads \u2014 O Gesto que te Escolhe a Ti - Joie Natural<\/title>\n<meta name=\"description\" content=\"Ecopads de croch\u00e9 reutiliz\u00e1veis em algod\u00e3o natural, feitos \u00e0 m\u00e3o. Remove maquilhagem, limpa e esfolia suavemente. Sustent\u00e1vel, sem tingimentos artificiais.\" \/>\n<meta name=\"robots\" content=\"index, follow, max-snippet:-1, max-image-preview:large, max-video-preview:-1\" \/>\n<link rel=\"canonical\" href=\"https:\/\/joienatural.com\/en\/product\/ecopads-o-gesto-que-te-escolhe-a-ti\/\" \/>\n<meta property=\"og:locale\" content=\"en_US\" \/>\n<meta property=\"og:type\" content=\"article\" \/>\n<meta property=\"og:title\" content=\"Ecopads \u2014 O Gesto que te Escolhe a Ti - Joie Natural\" \/>\n<meta property=\"og:description\" content=\"Ecopads de croch\u00e9 reutiliz\u00e1veis em algod\u00e3o natural, feitos \u00e0 m\u00e3o. Remove maquilhagem, limpa e esfolia suavemente. Sustent\u00e1vel, sem tingimentos artificiais.\" \/>\n<meta property=\"og:url\" content=\"https:\/\/joienatural.com\/en\/product\/ecopads-o-gesto-que-te-escolhe-a-ti\/\" \/>\n<meta property=\"og:site_name\" content=\"Joie Natural\" \/>\n<meta property=\"article:publisher\" content=\"https:\/\/www.facebook.com\/joienatural2024\/\" \/>\n<meta property=\"article:modified_time\" content=\"2026-03-03T11:18:20+00:00\" \/>\n<meta property=\"og:image\" content=\"https:\/\/joienatural.com\/wp-content\/uploads\/2024\/04\/Image_1712161883646-scaled.jpg\" \/>\n\t<meta property=\"og:image:width\" content=\"2560\" \/>\n\t<meta property=\"og:image:height\" content=\"2560\" \/>\n\t<meta property=\"og:image:type\" content=\"image\/jpeg\" \/>\n<meta name=\"twitter:card\" content=\"summary_large_image\" \/>\n<meta name=\"twitter:label1\" content=\"Est. reading time\" \/>\n\t<meta name=\"twitter:data1\" content=\"2 minutes\" \/>\n<script type=\"application\/ld+json\" class=\"yoast-schema-graph\">{\"@context\":\"https:\\\/\\\/schema.org\",\"@graph\":[{\"@type\":\"WebPage\",\"@id\":\"https:\\\/\\\/joienatural.com\\\/produto\\\/ecopads-o-gesto-que-te-escolhe-a-ti\\\/\",\"url\":\"https:\\\/\\\/joienatural.com\\\/produto\\\/ecopads-o-gesto-que-te-escolhe-a-ti\\\/\",\"name\":\"Ecopads \u2014 O Gesto que te Escolhe a Ti - Joie Natural\",\"isPartOf\":{\"@id\":\"https:\\\/\\\/joienatural.com\\\/#website\"},\"primaryImageOfPage\":{\"@id\":\"https:\\\/\\\/joienatural.com\\\/produto\\\/ecopads-o-gesto-que-te-escolhe-a-ti\\\/#primaryimage\"},\"image\":{\"@id\":\"https:\\\/\\\/joienatural.com\\\/produto\\\/ecopads-o-gesto-que-te-escolhe-a-ti\\\/#primaryimage\"},\"thumbnailUrl\":\"https:\\\/\\\/joienatural.com\\\/wp-content\\\/uploads\\\/2024\\\/04\\\/Image_1712161883646-scaled.jpg\",\"datePublished\":\"2024-04-03T17:02:23+00:00\",\"dateModified\":\"2026-03-03T11:18:20+00:00\",\"description\":\"Ecopads de croch\u00e9 reutiliz\u00e1veis em algod\u00e3o natural, feitos \u00e0 m\u00e3o. Remove maquilhagem, limpa e esfolia suavemente. Sustent\u00e1vel, sem tingimentos artificiais.\",\"breadcrumb\":{\"@id\":\"https:\\\/\\\/joienatural.com\\\/produto\\\/ecopads-o-gesto-que-te-escolhe-a-ti\\\/#breadcrumb\"},\"inLanguage\":\"en-US\",\"potentialAction\":[{\"@type\":\"ReadAction\",\"target\":[\"https:\\\/\\\/joienatural.com\\\/produto\\\/ecopads-o-gesto-que-te-escolhe-a-ti\\\/\"]}]},{\"@type\":\"ImageObject\",\"inLanguage\":\"en-US\",\"@id\":\"https:\\\/\\\/joienatural.com\\\/produto\\\/ecopads-o-gesto-que-te-escolhe-a-ti\\\/#primaryimage\",\"url\":\"https:\\\/\\\/joienatural.com\\\/wp-content\\\/uploads\\\/2024\\\/04\\\/Image_1712161883646-scaled.jpg\",\"contentUrl\":\"https:\\\/\\\/joienatural.com\\\/wp-content\\\/uploads\\\/2024\\\/04\\\/Image_1712161883646-scaled.jpg\",\"width\":2560,\"height\":2560,\"caption\":\"Ecopads\"},{\"@type\":\"BreadcrumbList\",\"@id\":\"https:\\\/\\\/joienatural.com\\\/produto\\\/ecopads-o-gesto-que-te-escolhe-a-ti\\\/#breadcrumb\",\"itemListElement\":[{\"@type\":\"ListItem\",\"position\":1,\"name\":\"In\u00edcio\",\"item\":\"https:\\\/\\\/joienatural.com\\\/\"},{\"@type\":\"ListItem\",\"position\":2,\"name\":\"Loja\",\"item\":\"https:\\\/\\\/joienatural.com\\\/loja\\\/\"},{\"@type\":\"ListItem\",\"position\":3,\"name\":\"Ecopads \u2014 O Gesto que te Escolhe a Ti\"}]},{\"@type\":\"WebSite\",\"@id\":\"https:\\\/\\\/joienatural.com\\\/#website\",\"url\":\"https:\\\/\\\/joienatural.com\\\/\",\"name\":\"Joie Natural\",\"description\":\"Joie oferece um caminho que conecta o corpo e a mente \u00e0 sabedoria da terra.\",\"publisher\":{\"@id\":\"https:\\\/\\\/joienatural.com\\\/#organization\"},\"alternateName\":\"JoieNatural\",\"potentialAction\":[{\"@type\":\"SearchAction\",\"target\":{\"@type\":\"EntryPoint\",\"urlTemplate\":\"https:\\\/\\\/joienatural.com\\\/?s={search_term_string}\"},\"query-input\":{\"@type\":\"PropertyValueSpecification\",\"valueRequired\":true,\"valueName\":\"search_term_string\"}}],\"inLanguage\":\"en-US\"},{\"@type\":\"Organization\",\"@id\":\"https:\\\/\\\/joienatural.com\\\/#organization\",\"name\":\"Joie Natural\",\"alternateName\":\"JoieNatural\",\"url\":\"https:\\\/\\\/joienatural.com\\\/\",\"logo\":{\"@type\":\"ImageObject\",\"inLanguage\":\"en-US\",\"@id\":\"https:\\\/\\\/joienatural.com\\\/#\\\/schema\\\/logo\\\/image\\\/\",\"url\":\"https:\\\/\\\/joienatural.com\\\/wp-content\\\/uploads\\\/2023\\\/12\\\/joie-icon.png\",\"contentUrl\":\"https:\\\/\\\/joienatural.com\\\/wp-content\\\/uploads\\\/2023\\\/12\\\/joie-icon.png\",\"width\":352,\"height\":572,\"caption\":\"Joie Natural\"},\"image\":{\"@id\":\"https:\\\/\\\/joienatural.com\\\/#\\\/schema\\\/logo\\\/image\\\/\"},\"sameAs\":[\"https:\\\/\\\/www.facebook.com\\\/joienatural2024\\\/\",\"https:\\\/\\\/www.instagram.com\\\/joie.natural\\\/\",\"https:\\\/\\\/pt.pinterest.com\\\/joienatural\\\/\"]}]}<\/script>\n<!-- \/ Yoast SEO plugin. -->","yoast_head_json":{"title":"Ecopads \u2014 O Gesto que te Escolhe a Ti - Joie Natural","description":"Ecopads de croch\u00e9 reutiliz\u00e1veis em algod\u00e3o natural, feitos \u00e0 m\u00e3o. Remove maquilhagem, limpa e esfolia suavemente. Sustent\u00e1vel, sem tingimentos artificiais.","robots":{"index":"index","follow":"follow","max-snippet":"max-snippet:-1","max-image-preview":"max-image-preview:large","max-video-preview":"max-video-preview:-1"},"canonical":"https:\/\/joienatural.com\/en\/product\/ecopads-o-gesto-que-te-escolhe-a-ti\/","og_locale":"en_US","og_type":"article","og_title":"Ecopads \u2014 O Gesto que te Escolhe a Ti - Joie Natural","og_description":"Ecopads de croch\u00e9 reutiliz\u00e1veis em algod\u00e3o natural, feitos \u00e0 m\u00e3o. Remove maquilhagem, limpa e esfolia suavemente. Sustent\u00e1vel, sem tingimentos artificiais.","og_url":"https:\/\/joienatural.com\/en\/product\/ecopads-o-gesto-que-te-escolhe-a-ti\/","og_site_name":"Joie Natural","article_publisher":"https:\/\/www.facebook.com\/joienatural2024\/","article_modified_time":"2026-03-03T11:18:20+00:00","og_image":[{"width":2560,"height":2560,"url":"https:\/\/joienatural.com\/wp-content\/uploads\/2024\/04\/Image_1712161883646-scaled.jpg","type":"image\/jpeg"}],"twitter_card":"summary_large_image","twitter_misc":{"Est. reading time":"2 minutes"},"schema":{"@context":"https:\/\/schema.org","@graph":[{"@type":"WebPage","@id":"https:\/\/joienatural.com\/produto\/ecopads-o-gesto-que-te-escolhe-a-ti\/","url":"https:\/\/joienatural.com\/produto\/ecopads-o-gesto-que-te-escolhe-a-ti\/","name":"Ecopads \u2014 O Gesto que te Escolhe a Ti - Joie Natural","isPartOf":{"@id":"https:\/\/joienatural.com\/#website"},"primaryImageOfPage":{"@id":"https:\/\/joienatural.com\/produto\/ecopads-o-gesto-que-te-escolhe-a-ti\/#primaryimage"},"image":{"@id":"https:\/\/joienatural.com\/produto\/ecopads-o-gesto-que-te-escolhe-a-ti\/#primaryimage"},"thumbnailUrl":"https:\/\/joienatural.com\/wp-content\/uploads\/2024\/04\/Image_1712161883646-scaled.jpg","datePublished":"2024-04-03T17:02:23+00:00","dateModified":"2026-03-03T11:18:20+00:00","description":"Ecopads de croch\u00e9 reutiliz\u00e1veis em algod\u00e3o natural, feitos \u00e0 m\u00e3o. Remove maquilhagem, limpa e esfolia suavemente. Sustent\u00e1vel, sem tingimentos artificiais.","breadcrumb":{"@id":"https:\/\/joienatural.com\/produto\/ecopads-o-gesto-que-te-escolhe-a-ti\/#breadcrumb"},"inLanguage":"en-US","potentialAction":[{"@type":"ReadAction","target":["https:\/\/joienatural.com\/produto\/ecopads-o-gesto-que-te-escolhe-a-ti\/"]}]},{"@type":"ImageObject","inLanguage":"en-US","@id":"https:\/\/joienatural.com\/produto\/ecopads-o-gesto-que-te-escolhe-a-ti\/#primaryimage","url":"https:\/\/joienatural.com\/wp-content\/uploads\/2024\/04\/Image_1712161883646-scaled.jpg","contentUrl":"https:\/\/joienatural.com\/wp-content\/uploads\/2024\/04\/Image_1712161883646-scaled.jpg","width":2560,"height":2560,"caption":"Ecopads"},{"@type":"BreadcrumbList","@id":"https:\/\/joienatural.com\/produto\/ecopads-o-gesto-que-te-escolhe-a-ti\/#breadcrumb","itemListElement":[{"@type":"ListItem","position":1,"name":"In\u00edcio","item":"https:\/\/joienatural.com\/"},{"@type":"ListItem","position":2,"name":"Loja","item":"https:\/\/joienatural.com\/loja\/"},{"@type":"ListItem","position":3,"name":"Ecopads \u2014 O Gesto que te Escolhe a Ti"}]},{"@type":"WebSite","@id":"https:\/\/joienatural.com\/#website","url":"https:\/\/joienatural.com\/","name":"Natural Joy","description":"Joie offers a path that connects body and mind to the wisdom of the earth.","publisher":{"@id":"https:\/\/joienatural.com\/#organization"},"alternateName":"JoieNatural","potentialAction":[{"@type":"SearchAction","target":{"@type":"EntryPoint","urlTemplate":"https:\/\/joienatural.com\/?s={search_term_string}"},"query-input":{"@type":"PropertyValueSpecification","valueRequired":true,"valueName":"search_term_string"}}],"inLanguage":"en-US"},{"@type":"Organization","@id":"https:\/\/joienatural.com\/#organization","name":"Natural Joy","alternateName":"JoieNatural","url":"https:\/\/joienatural.com\/","logo":{"@type":"ImageObject","inLanguage":"en-US","@id":"https:\/\/joienatural.com\/#\/schema\/logo\/image\/","url":"https:\/\/joienatural.com\/wp-content\/uploads\/2023\/12\/joie-icon.png","contentUrl":"https:\/\/joienatural.com\/wp-content\/uploads\/2023\/12\/joie-icon.png","width":352,"height":572,"caption":"Joie Natural"},"image":{"@id":"https:\/\/joienatural.com\/#\/schema\/logo\/image\/"},"sameAs":["https:\/\/www.facebook.com\/joienatural2024\/","https:\/\/www.instagram.com\/joie.natural\/","https:\/\/pt.pinterest.com\/joienatural\/"]}]}},"_links":{"self":[{"href":"https:\/\/joienatural.com\/en\/wp-json\/wp\/v2\/product\/16102","targetHints":{"allow":["GET"]}}],"collection":[{"href":"https:\/\/joienatural.com\/en\/wp-json\/wp\/v2\/product"}],"about":[{"href":"https:\/\/joienatural.com\/en\/wp-json\/wp\/v2\/types\/product"}],"replies":[{"embeddable":true,"href":"https:\/\/joienatural.com\/en\/wp-json\/wp\/v2\/comments?post=16102"}],"version-history":[{"count":12,"href":"https:\/\/joienatural.com\/en\/wp-json\/wp\/v2\/product\/16102\/revisions"}],"predecessor-version":[{"id":17684,"href":"https:\/\/joienatural.com\/en\/wp-json\/wp\/v2\/product\/16102\/revisions\/17684"}],"wp:featuredmedia":[{"embeddable":true,"href":"https:\/\/joienatural.com\/en\/wp-json\/wp\/v2\/media\/16103"}],"wp:attachment":[{"href":"https:\/\/joienatural.com\/en\/wp-json\/wp\/v2\/media?parent=16102"}],"wp:term":[{"taxonomy":"product_brand","embeddable":true,"href":"https:\/\/joienatural.com\/en\/wp-json\/wp\/v2\/product_brand?post=16102"},{"taxonomy":"product_cat","embeddable":true,"href":"https:\/\/joienatural.com\/en\/wp-json\/wp\/v2\/product_cat?post=16102"},{"taxonomy":"product_tag","embeddable":true,"href":"https:\/\/joienatural.com\/en\/wp-json\/wp\/v2\/product_tag?post=16102"}],"curies":[{"name":"wp","href":"https:\/\/api.w.org\/{rel}","templated":true}]}}