{"id":16767,"date":"2024-11-05T18:31:27","date_gmt":"2024-11-05T18:31:27","guid":{"rendered":"https:\/\/joienatural.com\/?post_type=product&#038;p=16767"},"modified":"2026-03-02T22:17:32","modified_gmt":"2026-03-02T22:17:32","slug":"kit-de-velas-de-cera-de-abelha-cria-a-tua-propria-chama","status":"publish","type":"product","link":"https:\/\/joienatural.com\/en\/product\/kit-de-velas-de-cera-de-abelha-cria-a-tua-propria-chama\/","title":{"rendered":"Beeswax Candle Kit \u2014 Create Your Own Flame"},"content":{"rendered":"<p>There are rituals that span generations. Creating your own candle is one of them.<\/p>\n<p>When you warm the wax in your hands, roll it slowly, and set an intention before lighting it, you&#039;re not just creating a candle. You&#039;re creating a sacred moment that&#039;s uniquely yours, made by you, full of meaning.<\/p>\n<p>This kit was created for you, who wants to stop time, create your own space, and feel like you belong to something bigger. Simple as it always was. Powerful as it always will be.<\/p>\n<p>7 sheets of pure 100% beeswax. A long strand of natural cotton wick, cut to your size, for the candle that the moment calls for. Use dried flowers, lavender or chamomile, use your creative fire, listen to your intention.<\/p>\n<p><strong><span class=\"x19la9d6 x1fc57z9 x6ikm8r x10wlt62 x19co3pv x11tp94h xfibh0p xiy17q3 x1xsqp64 x1lkfr7t xexx8yu xyri2b x18d9i69 x1c1uobl\"><span class=\"xrtxmta x1bhl96m\">\ud83d\udd6f\ufe0f<\/span><\/span>Your ritual<\/strong><\/p>\n<ol>\n<li>Gently warm the wax sheet in your hands.<\/li>\n<li>Cut the wick to the desired length and position it along the edge.<\/li>\n<li>Roll it with your hands, feeling the wax take shape.<\/li>\n<li>Light your candle. Set an intention. Let the flame guide you.<\/li>\n<\/ol>\n<p>100% natural \u00b7 Toxin-free \u00b7 Pure cotton wick.<\/p>\n<p><strong>Your flame. Your intention. Your ritual begins here.<\/strong><\/p>","protected":false},"excerpt":{"rendered":"<p>An ancient candle-making ritual. Pure beeswax and natural cotton wicks that you cut to size.<\/p>","protected":false},"featured_media":17354,"comment_status":"open","ping_status":"closed","template":"","meta":[],"product_brand":[],"product_cat":[73,103],"product_tag":[74,75],"class_list":{"0":"post-16767","1":"product","2":"type-product","3":"status-publish","4":"has-post-thumbnail","6":"product_cat-conjuntos","7":"product_cat-rituais","8":"product_tag-dia","9":"product_tag-noite","11":"first","12":"instock","13":"shipping-taxable","14":"purchasable","15":"product-type-simple"},"yoast_head":"<!-- This site is optimized with the Yoast SEO plugin v27.1.1 - https:\/\/yoast.com\/product\/yoast-seo-wordpress\/ -->\n<title>Kit de Velas de Cera de Abelha \u2014 Cria a Tua Pr\u00f3pria Chama - Joie Natural<\/title>\n<meta name=\"description\" content=\"Acende a tua vela e define a tua inten\u00e7\u00e3o. A chama funciona como um ponto de foco, ajudando-te a entrar no estado de presen\u00e7a. Para medita\u00e7\u00e3o e mindfulness.\" \/>\n<meta name=\"robots\" content=\"index, follow, max-snippet:-1, max-image-preview:large, max-video-preview:-1\" \/>\n<link rel=\"canonical\" href=\"https:\/\/joienatural.com\/en\/product\/kit-de-velas-de-cera-de-abelha-cria-a-tua-propria-chama\/\" \/>\n<meta property=\"og:locale\" content=\"en_US\" \/>\n<meta property=\"og:type\" content=\"article\" \/>\n<meta property=\"og:title\" content=\"Kit de Velas de Cera de Abelha \u2014 Cria a Tua Pr\u00f3pria Chama - Joie Natural\" \/>\n<meta property=\"og:description\" content=\"Acende a tua vela e define a tua inten\u00e7\u00e3o. A chama funciona como um ponto de foco, ajudando-te a entrar no estado de presen\u00e7a. Para medita\u00e7\u00e3o e mindfulness.\" \/>\n<meta property=\"og:url\" content=\"https:\/\/joienatural.com\/en\/product\/kit-de-velas-de-cera-de-abelha-cria-a-tua-propria-chama\/\" \/>\n<meta property=\"og:site_name\" content=\"Joie Natural\" \/>\n<meta property=\"article:publisher\" content=\"https:\/\/www.facebook.com\/joienatural2024\/\" \/>\n<meta property=\"article:modified_time\" content=\"2026-03-02T22:17:32+00:00\" \/>\n<meta property=\"og:image\" content=\"https:\/\/joienatural.com\/wp-content\/uploads\/2024\/11\/vela2pavioalgodao.jpg\" \/>\n\t<meta property=\"og:image:width\" content=\"2048\" \/>\n\t<meta property=\"og:image:height\" content=\"2048\" \/>\n\t<meta property=\"og:image:type\" content=\"image\/jpeg\" \/>\n<meta name=\"twitter:card\" content=\"summary_large_image\" \/>\n<meta name=\"twitter:label1\" content=\"Est. reading time\" \/>\n\t<meta name=\"twitter:data1\" content=\"2 minutes\" \/>\n<script type=\"application\/ld+json\" class=\"yoast-schema-graph\">{\"@context\":\"https:\/\/schema.org\",\"@graph\":[{\"@type\":\"WebPage\",\"@id\":\"https:\/\/joienatural.com\/produto\/kit-de-velas-de-cera-de-abelha-cria-a-tua-propria-chama\/\",\"url\":\"https:\/\/joienatural.com\/produto\/kit-de-velas-de-cera-de-abelha-cria-a-tua-propria-chama\/\",\"name\":\"Kit de Velas de Cera de Abelha \u2014 Cria a Tua Pr\u00f3pria Chama - Joie Natural\",\"isPartOf\":{\"@id\":\"https:\/\/joienatural.com\/#website\"},\"primaryImageOfPage\":{\"@id\":\"https:\/\/joienatural.com\/produto\/kit-de-velas-de-cera-de-abelha-cria-a-tua-propria-chama\/#primaryimage\"},\"image\":{\"@id\":\"https:\/\/joienatural.com\/produto\/kit-de-velas-de-cera-de-abelha-cria-a-tua-propria-chama\/#primaryimage\"},\"thumbnailUrl\":\"https:\/\/joienatural.com\/wp-content\/uploads\/2024\/11\/vela2pavioalgodao.jpg\",\"datePublished\":\"2024-11-05T18:31:27+00:00\",\"dateModified\":\"2026-03-02T22:17:32+00:00\",\"description\":\"Acende a tua vela e define a tua inten\u00e7\u00e3o. A chama funciona como um ponto de foco, ajudando-te a entrar no estado de presen\u00e7a. Para medita\u00e7\u00e3o e mindfulness.\",\"breadcrumb\":{\"@id\":\"https:\/\/joienatural.com\/produto\/kit-de-velas-de-cera-de-abelha-cria-a-tua-propria-chama\/#breadcrumb\"},\"inLanguage\":\"en-US\",\"potentialAction\":[{\"@type\":\"ReadAction\",\"target\":[\"https:\/\/joienatural.com\/produto\/kit-de-velas-de-cera-de-abelha-cria-a-tua-propria-chama\/\"]}]},{\"@type\":\"ImageObject\",\"inLanguage\":\"en-US\",\"@id\":\"https:\/\/joienatural.com\/produto\/kit-de-velas-de-cera-de-abelha-cria-a-tua-propria-chama\/#primaryimage\",\"url\":\"https:\/\/joienatural.com\/wp-content\/uploads\/2024\/11\/vela2pavioalgodao.jpg\",\"contentUrl\":\"https:\/\/joienatural.com\/wp-content\/uploads\/2024\/11\/vela2pavioalgodao.jpg\",\"width\":2048,\"height\":2048},{\"@type\":\"BreadcrumbList\",\"@id\":\"https:\/\/joienatural.com\/produto\/kit-de-velas-de-cera-de-abelha-cria-a-tua-propria-chama\/#breadcrumb\",\"itemListElement\":[{\"@type\":\"ListItem\",\"position\":1,\"name\":\"In\u00edcio\",\"item\":\"https:\/\/joienatural.com\/\"},{\"@type\":\"ListItem\",\"position\":2,\"name\":\"Loja\",\"item\":\"https:\/\/joienatural.com\/loja\/\"},{\"@type\":\"ListItem\",\"position\":3,\"name\":\"Kit de Velas de Cera de Abelha \u2014 Cria a Tua Pr\u00f3pria Chama\"}]},{\"@type\":\"WebSite\",\"@id\":\"https:\/\/joienatural.com\/#website\",\"url\":\"https:\/\/joienatural.com\/\",\"name\":\"Joie Natural\",\"description\":\"Joie oferece um caminho que conecta o corpo e a mente \u00e0 sabedoria da terra.\",\"publisher\":{\"@id\":\"https:\/\/joienatural.com\/#organization\"},\"alternateName\":\"JoieNatural\",\"potentialAction\":[{\"@type\":\"SearchAction\",\"target\":{\"@type\":\"EntryPoint\",\"urlTemplate\":\"https:\/\/joienatural.com\/?s={search_term_string}\"},\"query-input\":{\"@type\":\"PropertyValueSpecification\",\"valueRequired\":true,\"valueName\":\"search_term_string\"}}],\"inLanguage\":\"en-US\"},{\"@type\":\"Organization\",\"@id\":\"https:\/\/joienatural.com\/#organization\",\"name\":\"Joie Natural\",\"alternateName\":\"JoieNatural\",\"url\":\"https:\/\/joienatural.com\/\",\"logo\":{\"@type\":\"ImageObject\",\"inLanguage\":\"en-US\",\"@id\":\"https:\/\/joienatural.com\/#\/schema\/logo\/image\/\",\"url\":\"https:\/\/joienatural.com\/wp-content\/uploads\/2023\/12\/joie-icon.png\",\"contentUrl\":\"https:\/\/joienatural.com\/wp-content\/uploads\/2023\/12\/joie-icon.png\",\"width\":352,\"height\":572,\"caption\":\"Joie Natural\"},\"image\":{\"@id\":\"https:\/\/joienatural.com\/#\/schema\/logo\/image\/\"},\"sameAs\":[\"https:\/\/www.facebook.com\/joienatural2024\/\",\"https:\/\/www.instagram.com\/joie.natural\/\",\"https:\/\/pt.pinterest.com\/joienatural\/\"]}]}<\/script>\n<!-- \/ Yoast SEO plugin. -->","yoast_head_json":{"title":"Kit de Velas de Cera de Abelha \u2014 Cria a Tua Pr\u00f3pria Chama - Joie Natural","description":"Acende a tua vela e define a tua inten\u00e7\u00e3o. A chama funciona como um ponto de foco, ajudando-te a entrar no estado de presen\u00e7a. Para medita\u00e7\u00e3o e mindfulness.","robots":{"index":"index","follow":"follow","max-snippet":"max-snippet:-1","max-image-preview":"max-image-preview:large","max-video-preview":"max-video-preview:-1"},"canonical":"https:\/\/joienatural.com\/en\/product\/kit-de-velas-de-cera-de-abelha-cria-a-tua-propria-chama\/","og_locale":"en_US","og_type":"article","og_title":"Kit de Velas de Cera de Abelha \u2014 Cria a Tua Pr\u00f3pria Chama - Joie Natural","og_description":"Acende a tua vela e define a tua inten\u00e7\u00e3o. A chama funciona como um ponto de foco, ajudando-te a entrar no estado de presen\u00e7a. Para medita\u00e7\u00e3o e mindfulness.","og_url":"https:\/\/joienatural.com\/en\/product\/kit-de-velas-de-cera-de-abelha-cria-a-tua-propria-chama\/","og_site_name":"Joie Natural","article_publisher":"https:\/\/www.facebook.com\/joienatural2024\/","article_modified_time":"2026-03-02T22:17:32+00:00","og_image":[{"width":2048,"height":2048,"url":"https:\/\/joienatural.com\/wp-content\/uploads\/2024\/11\/vela2pavioalgodao.jpg","type":"image\/jpeg"}],"twitter_card":"summary_large_image","twitter_misc":{"Est. reading time":"2 minutes"},"schema":{"@context":"https:\/\/schema.org","@graph":[{"@type":"WebPage","@id":"https:\/\/joienatural.com\/produto\/kit-de-velas-de-cera-de-abelha-cria-a-tua-propria-chama\/","url":"https:\/\/joienatural.com\/produto\/kit-de-velas-de-cera-de-abelha-cria-a-tua-propria-chama\/","name":"Kit de Velas de Cera de Abelha \u2014 Cria a Tua Pr\u00f3pria Chama - Joie Natural","isPartOf":{"@id":"https:\/\/joienatural.com\/#website"},"primaryImageOfPage":{"@id":"https:\/\/joienatural.com\/produto\/kit-de-velas-de-cera-de-abelha-cria-a-tua-propria-chama\/#primaryimage"},"image":{"@id":"https:\/\/joienatural.com\/produto\/kit-de-velas-de-cera-de-abelha-cria-a-tua-propria-chama\/#primaryimage"},"thumbnailUrl":"https:\/\/joienatural.com\/wp-content\/uploads\/2024\/11\/vela2pavioalgodao.jpg","datePublished":"2024-11-05T18:31:27+00:00","dateModified":"2026-03-02T22:17:32+00:00","description":"Acende a tua vela e define a tua inten\u00e7\u00e3o. A chama funciona como um ponto de foco, ajudando-te a entrar no estado de presen\u00e7a. Para medita\u00e7\u00e3o e mindfulness.","breadcrumb":{"@id":"https:\/\/joienatural.com\/produto\/kit-de-velas-de-cera-de-abelha-cria-a-tua-propria-chama\/#breadcrumb"},"inLanguage":"en-US","potentialAction":[{"@type":"ReadAction","target":["https:\/\/joienatural.com\/produto\/kit-de-velas-de-cera-de-abelha-cria-a-tua-propria-chama\/"]}]},{"@type":"ImageObject","inLanguage":"en-US","@id":"https:\/\/joienatural.com\/produto\/kit-de-velas-de-cera-de-abelha-cria-a-tua-propria-chama\/#primaryimage","url":"https:\/\/joienatural.com\/wp-content\/uploads\/2024\/11\/vela2pavioalgodao.jpg","contentUrl":"https:\/\/joienatural.com\/wp-content\/uploads\/2024\/11\/vela2pavioalgodao.jpg","width":2048,"height":2048},{"@type":"BreadcrumbList","@id":"https:\/\/joienatural.com\/produto\/kit-de-velas-de-cera-de-abelha-cria-a-tua-propria-chama\/#breadcrumb","itemListElement":[{"@type":"ListItem","position":1,"name":"In\u00edcio","item":"https:\/\/joienatural.com\/"},{"@type":"ListItem","position":2,"name":"Loja","item":"https:\/\/joienatural.com\/loja\/"},{"@type":"ListItem","position":3,"name":"Kit de Velas de Cera de Abelha \u2014 Cria a Tua Pr\u00f3pria Chama"}]},{"@type":"WebSite","@id":"https:\/\/joienatural.com\/#website","url":"https:\/\/joienatural.com\/","name":"Natural Joy","description":"Joie offers a path that connects body and mind to the wisdom of the earth.","publisher":{"@id":"https:\/\/joienatural.com\/#organization"},"alternateName":"JoieNatural","potentialAction":[{"@type":"SearchAction","target":{"@type":"EntryPoint","urlTemplate":"https:\/\/joienatural.com\/?s={search_term_string}"},"query-input":{"@type":"PropertyValueSpecification","valueRequired":true,"valueName":"search_term_string"}}],"inLanguage":"en-US"},{"@type":"Organization","@id":"https:\/\/joienatural.com\/#organization","name":"Natural Joy","alternateName":"JoieNatural","url":"https:\/\/joienatural.com\/","logo":{"@type":"ImageObject","inLanguage":"en-US","@id":"https:\/\/joienatural.com\/#\/schema\/logo\/image\/","url":"https:\/\/joienatural.com\/wp-content\/uploads\/2023\/12\/joie-icon.png","contentUrl":"https:\/\/joienatural.com\/wp-content\/uploads\/2023\/12\/joie-icon.png","width":352,"height":572,"caption":"Joie Natural"},"image":{"@id":"https:\/\/joienatural.com\/#\/schema\/logo\/image\/"},"sameAs":["https:\/\/www.facebook.com\/joienatural2024\/","https:\/\/www.instagram.com\/joie.natural\/","https:\/\/pt.pinterest.com\/joienatural\/"]}]}},"_links":{"self":[{"href":"https:\/\/joienatural.com\/en\/wp-json\/wp\/v2\/product\/16767","targetHints":{"allow":["GET"]}}],"collection":[{"href":"https:\/\/joienatural.com\/en\/wp-json\/wp\/v2\/product"}],"about":[{"href":"https:\/\/joienatural.com\/en\/wp-json\/wp\/v2\/types\/product"}],"replies":[{"embeddable":true,"href":"https:\/\/joienatural.com\/en\/wp-json\/wp\/v2\/comments?post=16767"}],"version-history":[{"count":13,"href":"https:\/\/joienatural.com\/en\/wp-json\/wp\/v2\/product\/16767\/revisions"}],"predecessor-version":[{"id":17683,"href":"https:\/\/joienatural.com\/en\/wp-json\/wp\/v2\/product\/16767\/revisions\/17683"}],"wp:featuredmedia":[{"embeddable":true,"href":"https:\/\/joienatural.com\/en\/wp-json\/wp\/v2\/media\/17354"}],"wp:attachment":[{"href":"https:\/\/joienatural.com\/en\/wp-json\/wp\/v2\/media?parent=16767"}],"wp:term":[{"taxonomy":"product_brand","embeddable":true,"href":"https:\/\/joienatural.com\/en\/wp-json\/wp\/v2\/product_brand?post=16767"},{"taxonomy":"product_cat","embeddable":true,"href":"https:\/\/joienatural.com\/en\/wp-json\/wp\/v2\/product_cat?post=16767"},{"taxonomy":"product_tag","embeddable":true,"href":"https:\/\/joienatural.com\/en\/wp-json\/wp\/v2\/product_tag?post=16767"}],"curies":[{"name":"wp","href":"https:\/\/api.w.org\/{rel}","templated":true}]}}