{"id":16814,"date":"2024-12-05T12:04:07","date_gmt":"2024-12-05T12:04:07","guid":{"rendered":"https:\/\/joienatural.com\/?post_type=product&#038;p=16814"},"modified":"2026-03-02T21:47:13","modified_gmt":"2026-03-02T21:47:13","slug":"caixa-para-oferecer-com-palavras-que-ficam","status":"publish","type":"product","link":"https:\/\/joienatural.com\/en\/product\/caixa-para-oferecer-com-palavras-que-ficam\/","title":{"rendered":"Gift box with words that stick"},"content":{"rendered":"<p class=\"font-claude-response-body break-words whitespace-pre-wrap leading-[1.7]\">Que ela saiba que pensaste nela. N\u00e3o de qualquer maneira, mas com palavras escolhidas por ti e escritas \u00e0 m\u00e3o por n\u00f3s, em papel <em>kraft<\/em>, delicadamente guardadas junto ao presente.<\/p>\n<p class=\"font-claude-response-body break-words whitespace-normal leading-[1.7]\">A nossa caixa foi criada para que o teu carinho chegue inteiro. Com a mensagem que s\u00f3 tu sabes escrever, com o\u00a0 afeto que ela merece.<\/p>\n<p class=\"font-claude-response-body break-words whitespace-normal leading-[1.7]\">Adiciona ao carrinho e envia-nos a tua mensagem.<\/p>\n<p class=\"font-claude-response-body break-words whitespace-normal leading-[1.7]\">\ud83d\udce6 Medidas: 20 x 13 x 5 cm<\/p>\n<p class=\"font-claude-response-body break-words whitespace-normal leading-[1.7]\"><strong>Porque alguns gestos n\u00e3o se esquecem.<\/strong><\/p>\n<p>&nbsp;<\/p>\n<p>&nbsp;<\/p>\n<p>&nbsp;<\/p>\n","protected":false},"excerpt":{"rendered":"<p>Some gifts are forgotten. And some last forever, because they came with words you chose just for her.<\/p>","protected":false},"featured_media":17351,"comment_status":"open","ping_status":"closed","template":"","meta":[],"product_brand":[],"product_cat":[118],"product_tag":[],"class_list":{"0":"post-16814","1":"product","2":"type-product","3":"status-publish","4":"has-post-thumbnail","6":"product_cat-presente","8":"first","9":"instock","10":"shipping-taxable","11":"purchasable","12":"product-type-simple"},"yoast_head":"<!-- This site is optimized with the Yoast SEO plugin v27.4 - https:\/\/yoast.com\/product\/yoast-seo-wordpress\/ -->\n<title>Caixa para oferecer com palavras que ficam - Joie Natural<\/title>\n<meta name=\"description\" content=\"Caixa de presente personalizada com mensagem escrita \u00e0 m\u00e3o em papel kraft. Um gesto \u00fanico e afetuoso para tornar cada presente inesquec\u00edvel.\" \/>\n<meta name=\"robots\" content=\"index, follow, max-snippet:-1, max-image-preview:large, max-video-preview:-1\" \/>\n<link rel=\"canonical\" href=\"https:\/\/joienatural.com\/en\/product\/caixa-para-oferecer-com-palavras-que-ficam\/\" \/>\n<meta property=\"og:locale\" content=\"en_US\" \/>\n<meta property=\"og:type\" content=\"article\" \/>\n<meta property=\"og:title\" content=\"Caixa para oferecer com palavras que ficam - Joie Natural\" \/>\n<meta property=\"og:description\" content=\"Caixa de presente personalizada com mensagem escrita \u00e0 m\u00e3o em papel kraft. Um gesto \u00fanico e afetuoso para tornar cada presente inesquec\u00edvel.\" \/>\n<meta property=\"og:url\" content=\"https:\/\/joienatural.com\/en\/product\/caixa-para-oferecer-com-palavras-que-ficam\/\" \/>\n<meta property=\"og:site_name\" content=\"Joie Natural\" \/>\n<meta property=\"article:publisher\" content=\"https:\/\/www.facebook.com\/joienatural2024\/\" \/>\n<meta property=\"article:modified_time\" content=\"2026-03-02T21:47:13+00:00\" \/>\n<meta property=\"og:image\" content=\"https:\/\/joienatural.com\/wp-content\/uploads\/2025\/10\/joie-presente.jpg\" \/>\n\t<meta property=\"og:image:width\" content=\"1134\" \/>\n\t<meta property=\"og:image:height\" content=\"1134\" \/>\n\t<meta property=\"og:image:type\" content=\"image\/jpeg\" \/>\n<meta name=\"twitter:card\" content=\"summary_large_image\" \/>\n<meta name=\"twitter:label1\" content=\"Est. reading time\" \/>\n\t<meta name=\"twitter:data1\" content=\"1 minute\" \/>\n<script type=\"application\/ld+json\" class=\"yoast-schema-graph\">{\"@context\":\"https:\\\/\\\/schema.org\",\"@graph\":[{\"@type\":\"WebPage\",\"@id\":\"https:\\\/\\\/joienatural.com\\\/produto\\\/caixa-para-oferecer-com-palavras-que-ficam\\\/\",\"url\":\"https:\\\/\\\/joienatural.com\\\/produto\\\/caixa-para-oferecer-com-palavras-que-ficam\\\/\",\"name\":\"Caixa para oferecer com palavras que ficam - Joie Natural\",\"isPartOf\":{\"@id\":\"https:\\\/\\\/joienatural.com\\\/#website\"},\"primaryImageOfPage\":{\"@id\":\"https:\\\/\\\/joienatural.com\\\/produto\\\/caixa-para-oferecer-com-palavras-que-ficam\\\/#primaryimage\"},\"image\":{\"@id\":\"https:\\\/\\\/joienatural.com\\\/produto\\\/caixa-para-oferecer-com-palavras-que-ficam\\\/#primaryimage\"},\"thumbnailUrl\":\"https:\\\/\\\/joienatural.com\\\/wp-content\\\/uploads\\\/2025\\\/10\\\/joie-presente.jpg\",\"datePublished\":\"2024-12-05T12:04:07+00:00\",\"dateModified\":\"2026-03-02T21:47:13+00:00\",\"description\":\"Caixa de presente personalizada com mensagem escrita \u00e0 m\u00e3o em papel kraft. Um gesto \u00fanico e afetuoso para tornar cada presente inesquec\u00edvel.\",\"breadcrumb\":{\"@id\":\"https:\\\/\\\/joienatural.com\\\/produto\\\/caixa-para-oferecer-com-palavras-que-ficam\\\/#breadcrumb\"},\"inLanguage\":\"en-US\",\"potentialAction\":[{\"@type\":\"ReadAction\",\"target\":[\"https:\\\/\\\/joienatural.com\\\/produto\\\/caixa-para-oferecer-com-palavras-que-ficam\\\/\"]}]},{\"@type\":\"ImageObject\",\"inLanguage\":\"en-US\",\"@id\":\"https:\\\/\\\/joienatural.com\\\/produto\\\/caixa-para-oferecer-com-palavras-que-ficam\\\/#primaryimage\",\"url\":\"https:\\\/\\\/joienatural.com\\\/wp-content\\\/uploads\\\/2025\\\/10\\\/joie-presente.jpg\",\"contentUrl\":\"https:\\\/\\\/joienatural.com\\\/wp-content\\\/uploads\\\/2025\\\/10\\\/joie-presente.jpg\",\"width\":1134,\"height\":1134},{\"@type\":\"BreadcrumbList\",\"@id\":\"https:\\\/\\\/joienatural.com\\\/produto\\\/caixa-para-oferecer-com-palavras-que-ficam\\\/#breadcrumb\",\"itemListElement\":[{\"@type\":\"ListItem\",\"position\":1,\"name\":\"In\u00edcio\",\"item\":\"https:\\\/\\\/joienatural.com\\\/\"},{\"@type\":\"ListItem\",\"position\":2,\"name\":\"Loja\",\"item\":\"https:\\\/\\\/joienatural.com\\\/loja\\\/\"},{\"@type\":\"ListItem\",\"position\":3,\"name\":\"Caixa para oferecer com palavras que ficam\"}]},{\"@type\":\"WebSite\",\"@id\":\"https:\\\/\\\/joienatural.com\\\/#website\",\"url\":\"https:\\\/\\\/joienatural.com\\\/\",\"name\":\"Joie Natural\",\"description\":\"Joie oferece um caminho que conecta o corpo e a mente \u00e0 sabedoria da terra.\",\"publisher\":{\"@id\":\"https:\\\/\\\/joienatural.com\\\/#organization\"},\"alternateName\":\"JoieNatural\",\"potentialAction\":[{\"@type\":\"SearchAction\",\"target\":{\"@type\":\"EntryPoint\",\"urlTemplate\":\"https:\\\/\\\/joienatural.com\\\/?s={search_term_string}\"},\"query-input\":{\"@type\":\"PropertyValueSpecification\",\"valueRequired\":true,\"valueName\":\"search_term_string\"}}],\"inLanguage\":\"en-US\"},{\"@type\":\"Organization\",\"@id\":\"https:\\\/\\\/joienatural.com\\\/#organization\",\"name\":\"Joie Natural\",\"alternateName\":\"JoieNatural\",\"url\":\"https:\\\/\\\/joienatural.com\\\/\",\"logo\":{\"@type\":\"ImageObject\",\"inLanguage\":\"en-US\",\"@id\":\"https:\\\/\\\/joienatural.com\\\/#\\\/schema\\\/logo\\\/image\\\/\",\"url\":\"https:\\\/\\\/joienatural.com\\\/wp-content\\\/uploads\\\/2023\\\/12\\\/joie-icon.png\",\"contentUrl\":\"https:\\\/\\\/joienatural.com\\\/wp-content\\\/uploads\\\/2023\\\/12\\\/joie-icon.png\",\"width\":352,\"height\":572,\"caption\":\"Joie Natural\"},\"image\":{\"@id\":\"https:\\\/\\\/joienatural.com\\\/#\\\/schema\\\/logo\\\/image\\\/\"},\"sameAs\":[\"https:\\\/\\\/www.facebook.com\\\/joienatural2024\\\/\",\"https:\\\/\\\/www.instagram.com\\\/joie.natural\\\/\",\"https:\\\/\\\/pt.pinterest.com\\\/joienatural\\\/\"]}]}<\/script>\n<!-- \/ Yoast SEO plugin. -->","yoast_head_json":{"title":"Caixa para oferecer com palavras que ficam - Joie Natural","description":"Caixa de presente personalizada com mensagem escrita \u00e0 m\u00e3o em papel kraft. Um gesto \u00fanico e afetuoso para tornar cada presente inesquec\u00edvel.","robots":{"index":"index","follow":"follow","max-snippet":"max-snippet:-1","max-image-preview":"max-image-preview:large","max-video-preview":"max-video-preview:-1"},"canonical":"https:\/\/joienatural.com\/en\/product\/caixa-para-oferecer-com-palavras-que-ficam\/","og_locale":"en_US","og_type":"article","og_title":"Caixa para oferecer com palavras que ficam - Joie Natural","og_description":"Caixa de presente personalizada com mensagem escrita \u00e0 m\u00e3o em papel kraft. Um gesto \u00fanico e afetuoso para tornar cada presente inesquec\u00edvel.","og_url":"https:\/\/joienatural.com\/en\/product\/caixa-para-oferecer-com-palavras-que-ficam\/","og_site_name":"Joie Natural","article_publisher":"https:\/\/www.facebook.com\/joienatural2024\/","article_modified_time":"2026-03-02T21:47:13+00:00","og_image":[{"width":1134,"height":1134,"url":"https:\/\/joienatural.com\/wp-content\/uploads\/2025\/10\/joie-presente.jpg","type":"image\/jpeg"}],"twitter_card":"summary_large_image","twitter_misc":{"Est. reading time":"1 minute"},"schema":{"@context":"https:\/\/schema.org","@graph":[{"@type":"WebPage","@id":"https:\/\/joienatural.com\/produto\/caixa-para-oferecer-com-palavras-que-ficam\/","url":"https:\/\/joienatural.com\/produto\/caixa-para-oferecer-com-palavras-que-ficam\/","name":"Caixa para oferecer com palavras que ficam - Joie Natural","isPartOf":{"@id":"https:\/\/joienatural.com\/#website"},"primaryImageOfPage":{"@id":"https:\/\/joienatural.com\/produto\/caixa-para-oferecer-com-palavras-que-ficam\/#primaryimage"},"image":{"@id":"https:\/\/joienatural.com\/produto\/caixa-para-oferecer-com-palavras-que-ficam\/#primaryimage"},"thumbnailUrl":"https:\/\/joienatural.com\/wp-content\/uploads\/2025\/10\/joie-presente.jpg","datePublished":"2024-12-05T12:04:07+00:00","dateModified":"2026-03-02T21:47:13+00:00","description":"Caixa de presente personalizada com mensagem escrita \u00e0 m\u00e3o em papel kraft. Um gesto \u00fanico e afetuoso para tornar cada presente inesquec\u00edvel.","breadcrumb":{"@id":"https:\/\/joienatural.com\/produto\/caixa-para-oferecer-com-palavras-que-ficam\/#breadcrumb"},"inLanguage":"en-US","potentialAction":[{"@type":"ReadAction","target":["https:\/\/joienatural.com\/produto\/caixa-para-oferecer-com-palavras-que-ficam\/"]}]},{"@type":"ImageObject","inLanguage":"en-US","@id":"https:\/\/joienatural.com\/produto\/caixa-para-oferecer-com-palavras-que-ficam\/#primaryimage","url":"https:\/\/joienatural.com\/wp-content\/uploads\/2025\/10\/joie-presente.jpg","contentUrl":"https:\/\/joienatural.com\/wp-content\/uploads\/2025\/10\/joie-presente.jpg","width":1134,"height":1134},{"@type":"BreadcrumbList","@id":"https:\/\/joienatural.com\/produto\/caixa-para-oferecer-com-palavras-que-ficam\/#breadcrumb","itemListElement":[{"@type":"ListItem","position":1,"name":"In\u00edcio","item":"https:\/\/joienatural.com\/"},{"@type":"ListItem","position":2,"name":"Loja","item":"https:\/\/joienatural.com\/loja\/"},{"@type":"ListItem","position":3,"name":"Caixa para oferecer com palavras que ficam"}]},{"@type":"WebSite","@id":"https:\/\/joienatural.com\/#website","url":"https:\/\/joienatural.com\/","name":"Natural Joy","description":"Joie offers a path that connects body and mind to the wisdom of the earth.","publisher":{"@id":"https:\/\/joienatural.com\/#organization"},"alternateName":"JoieNatural","potentialAction":[{"@type":"SearchAction","target":{"@type":"EntryPoint","urlTemplate":"https:\/\/joienatural.com\/?s={search_term_string}"},"query-input":{"@type":"PropertyValueSpecification","valueRequired":true,"valueName":"search_term_string"}}],"inLanguage":"en-US"},{"@type":"Organization","@id":"https:\/\/joienatural.com\/#organization","name":"Natural Joy","alternateName":"JoieNatural","url":"https:\/\/joienatural.com\/","logo":{"@type":"ImageObject","inLanguage":"en-US","@id":"https:\/\/joienatural.com\/#\/schema\/logo\/image\/","url":"https:\/\/joienatural.com\/wp-content\/uploads\/2023\/12\/joie-icon.png","contentUrl":"https:\/\/joienatural.com\/wp-content\/uploads\/2023\/12\/joie-icon.png","width":352,"height":572,"caption":"Joie Natural"},"image":{"@id":"https:\/\/joienatural.com\/#\/schema\/logo\/image\/"},"sameAs":["https:\/\/www.facebook.com\/joienatural2024\/","https:\/\/www.instagram.com\/joie.natural\/","https:\/\/pt.pinterest.com\/joienatural\/"]}]}},"_links":{"self":[{"href":"https:\/\/joienatural.com\/en\/wp-json\/wp\/v2\/product\/16814","targetHints":{"allow":["GET"]}}],"collection":[{"href":"https:\/\/joienatural.com\/en\/wp-json\/wp\/v2\/product"}],"about":[{"href":"https:\/\/joienatural.com\/en\/wp-json\/wp\/v2\/types\/product"}],"replies":[{"embeddable":true,"href":"https:\/\/joienatural.com\/en\/wp-json\/wp\/v2\/comments?post=16814"}],"version-history":[{"count":7,"href":"https:\/\/joienatural.com\/en\/wp-json\/wp\/v2\/product\/16814\/revisions"}],"predecessor-version":[{"id":17681,"href":"https:\/\/joienatural.com\/en\/wp-json\/wp\/v2\/product\/16814\/revisions\/17681"}],"wp:featuredmedia":[{"embeddable":true,"href":"https:\/\/joienatural.com\/en\/wp-json\/wp\/v2\/media\/17351"}],"wp:attachment":[{"href":"https:\/\/joienatural.com\/en\/wp-json\/wp\/v2\/media?parent=16814"}],"wp:term":[{"taxonomy":"product_brand","embeddable":true,"href":"https:\/\/joienatural.com\/en\/wp-json\/wp\/v2\/product_brand?post=16814"},{"taxonomy":"product_cat","embeddable":true,"href":"https:\/\/joienatural.com\/en\/wp-json\/wp\/v2\/product_cat?post=16814"},{"taxonomy":"product_tag","embeddable":true,"href":"https:\/\/joienatural.com\/en\/wp-json\/wp\/v2\/product_tag?post=16814"}],"curies":[{"name":"wp","href":"https:\/\/api.w.org\/{rel}","templated":true}]}}