{"id":16866,"date":"2025-01-01T13:15:20","date_gmt":"2025-01-01T13:15:20","guid":{"rendered":"https:\/\/joienatural.com\/?post_type=product&#038;p=16866"},"modified":"2026-03-03T21:00:24","modified_gmt":"2026-03-03T21:00:24","slug":"colecao-ciclicas-rituais-que-fluem-com-as-fases-da-lua","status":"publish","type":"product","link":"https:\/\/joienatural.com\/en\/product\/colecao-ciclicas-rituais-que-fluem-com-as-fases-da-lua\/","title":{"rendered":"Cyclical Collection \u2014 Rituals that Flow with the Phases of the Moon"},"content":{"rendered":"<p>Feel the relief of stopping the fight against yourself.<\/p>\n<p>Reconnecting with your natural rhythm.<\/p>\n<p>The wisdom of your cycle, finally by your side.<\/p>\n<p><strong>This is the cyclical feminine. And it has always been within you.<\/strong><\/p>\n<p>For centuries, women have lived in alignment with the cycles of the moon and their own bodies. Today, this ancestral wisdom returns in a collection created to help you flow, instead of resisting. To understand your cycle instead of ignoring it. To honor each phase of your energy instead of suppressing it.<\/p>\n<p>THE<strong> Cole\u00e7\u00e3o C\u00edclicas<\/strong> Created in collaboration with Templo Sacrum, this book brings together everything you need to begin this journey of deep reconnection with your cyclical feminine energy.<\/p>\n<p><strong>Every day you live against your own rhythm is a day further away from yourself. This collection is your return.<\/strong><\/p>\n<p><strong>\ud83c\udf3f What you&#039;ll find inside the box<\/strong><\/p>\n<p><strong>Botanical Bath Spirit (50g):<\/strong> To encourage, give confidence, and inspire your journey.<\/p>\n<p><strong>Calming Botanical Bath (50g):<\/strong> to calm the restless mind and bring serenity.<\/p>\n<p><strong>New Moon Tea (30g):<\/strong> Acceptance, intuition, and relief.<\/p>\n<p><strong>Full Moon Tea (30g):<\/strong> Fullness and celebration in every cup.<\/p>\n<p><strong>Guide to ancestral knowledge:<\/strong> about the phases of the Moon, your Personal Moons and your cycle.<\/p>\n<p><strong>4 meditation capsules (30 seconds to 1:30 min): <\/strong>One for each phase of the moon, for the most hectic days, bringing balance and calm.<\/p>\n<p><strong>Moon Mandala:<\/strong> to map your emotions and understand your cycle.<\/p>\n<p><strong>\ud83c\udf19 For all women<\/strong><\/p>\n<p>You don&#039;t need to menstruate to connect with the energy of the moon. You don&#039;t need to know how to meditate to enjoy the benefits. You just need to want to flow with your natural rhythm.<\/p>\n<p><strong>\ud83d\udce6 Details<\/strong><\/p>\n<p>Special Edition \u00b7 In collaboration with Templo Sacrum \u00b7 Handmade \u00b7 Sustainable.<\/p>\n<p><strong>\ud83c\udf19\u2728 Honor your cycle. Reclaim your femininity. Your cyclical journey begins now.<\/strong><\/p>\n<div class=\"w3eden\">\n    <div class=\"card media-card\">\n        <div class=\"card-body\">\n            <div class=\"media\">\n                                <div class=\"mr-3\">\n                    <img decoding=\"async\" width=\"48\" height=\"64\" src=\"https:\/\/joienatural.com\/wp-includes\/images\/media\/audio.svg\" class=\"attachment-thumbnail size-thumbnail\" alt=\"\" \/>                <\/div>\n                                <div class=\"media-body\">\n                    <h3 class=\"m-0 mb-1 p-0\" style=\"font-size: 12pt\">New Moon Meditation<\/h3>\n                    1.14 MB                <\/div>\n                <div class=\"ml-3\">\n                    <a class=\"btn btn-lg btn-primary\" style=\"padding-top: 10px;padding-bottom: 10px\" href=\"https:\/\/joienatural.com\/wp-content\/uploads\/2026\/03\/LuaNova-meditacao1.mp3\">Download<\/a>\n                <\/div>\n            <\/div>\n        <\/div>\n    <\/div>\n<\/div>\n<style>\n    .media-card .attachment-thumbnail.size-thumbnail {\n        height: 44px;\n    }\n    @media (max-width: 600px) {\n        .card.media-card .media .mr-3{\n            margin: 0 0 10px !important;\n        }\n        .media-card .attachment-thumbnail.size-thumbnail {\n            width: auto;\n            max-width: 100%;\n            height: auto;\n            margin: 0 auto;\n        }\n        .card.media-card .media {\n            display: block !important;\n        }\n\n        .card.media-card .media .ml-3 {\n            margin: 10px 0 0 !important;\n        }\n\n        .card.media-card .media .ml-3 .btn{\n            display: block;\n            width: 100%;\n        }\n    }\n<\/style>\n\n<div class=\"w3eden\">\n    <div class=\"card media-card\">\n        <div class=\"card-body\">\n            <div class=\"media\">\n                                <div class=\"mr-3\">\n                    <img decoding=\"async\" width=\"48\" height=\"64\" src=\"https:\/\/joienatural.com\/wp-includes\/images\/media\/audio.svg\" class=\"attachment-thumbnail size-thumbnail\" alt=\"\" \/>                <\/div>\n                                <div class=\"media-body\">\n                    <h3 class=\"m-0 mb-1 p-0\" style=\"font-size: 12pt\">Waxing Moon Meditation<\/h3>\n                    927.23 KB                <\/div>\n                <div class=\"ml-3\">\n                    <a class=\"btn btn-lg btn-primary\" style=\"padding-top: 10px;padding-bottom: 10px\" href=\"https:\/\/joienatural.com\/wp-content\/uploads\/2026\/03\/LuaCrescente-meditacao2.mp3\">Download<\/a>\n                <\/div>\n            <\/div>\n        <\/div>\n    <\/div>\n<\/div>\n<style>\n    .media-card .attachment-thumbnail.size-thumbnail {\n        height: 44px;\n    }\n    @media (max-width: 600px) {\n        .card.media-card .media .mr-3{\n            margin: 0 0 10px !important;\n        }\n        .media-card .attachment-thumbnail.size-thumbnail {\n            width: auto;\n            max-width: 100%;\n            height: auto;\n            margin: 0 auto;\n        }\n        .card.media-card .media {\n            display: block !important;\n        }\n\n        .card.media-card .media .ml-3 {\n            margin: 10px 0 0 !important;\n        }\n\n        .card.media-card .media .ml-3 .btn{\n            display: block;\n            width: 100%;\n        }\n    }\n<\/style>\n\n<div class=\"w3eden\">\n    <div class=\"card media-card\">\n        <div class=\"card-body\">\n            <div class=\"media\">\n                                <div class=\"mr-3\">\n                    <img decoding=\"async\" width=\"48\" height=\"64\" src=\"https:\/\/joienatural.com\/wp-includes\/images\/media\/audio.svg\" class=\"attachment-thumbnail size-thumbnail\" alt=\"\" \/>                <\/div>\n                                <div class=\"media-body\">\n                    <h3 class=\"m-0 mb-1 p-0\" style=\"font-size: 12pt\">Full Moon Meditation<\/h3>\n                    1.06 MB                <\/div>\n                <div class=\"ml-3\">\n                    <a class=\"btn btn-lg btn-primary\" style=\"padding-top: 10px;padding-bottom: 10px\" href=\"https:\/\/joienatural.com\/wp-content\/uploads\/2026\/03\/LuaCheia-meditacao3.mp3\">Download<\/a>\n                <\/div>\n            <\/div>\n        <\/div>\n    <\/div>\n<\/div>\n<style>\n    .media-card .attachment-thumbnail.size-thumbnail {\n        height: 44px;\n    }\n    @media (max-width: 600px) {\n        .card.media-card .media .mr-3{\n            margin: 0 0 10px !important;\n        }\n        .media-card .attachment-thumbnail.size-thumbnail {\n            width: auto;\n            max-width: 100%;\n            height: auto;\n            margin: 0 auto;\n        }\n        .card.media-card .media {\n            display: block !important;\n        }\n\n        .card.media-card .media .ml-3 {\n            margin: 10px 0 0 !important;\n        }\n\n        .card.media-card .media .ml-3 .btn{\n            display: block;\n            width: 100%;\n        }\n    }\n<\/style>\n\n<div class=\"w3eden\">\n    <div class=\"card media-card\">\n        <div class=\"card-body\">\n            <div class=\"media\">\n                                <div class=\"mr-3\">\n                    <img decoding=\"async\" width=\"48\" height=\"64\" src=\"https:\/\/joienatural.com\/wp-includes\/images\/media\/audio.svg\" class=\"attachment-thumbnail size-thumbnail\" alt=\"\" \/>                <\/div>\n                                <div class=\"media-body\">\n                    <h3 class=\"m-0 mb-1 p-0\" style=\"font-size: 12pt\">Waning Moon Meditation<\/h3>\n                    1.31 MB                <\/div>\n                <div class=\"ml-3\">\n                    <a class=\"btn btn-lg btn-primary\" style=\"padding-top: 10px;padding-bottom: 10px\" href=\"https:\/\/joienatural.com\/wp-content\/uploads\/2026\/03\/LuaMinguante-meditacao4.mp3\">Download<\/a>\n                <\/div>\n            <\/div>\n        <\/div>\n    <\/div>\n<\/div>\n<style>\n    .media-card .attachment-thumbnail.size-thumbnail {\n        height: 44px;\n    }\n    @media (max-width: 600px) {\n        .card.media-card .media .mr-3{\n            margin: 0 0 10px !important;\n        }\n        .media-card .attachment-thumbnail.size-thumbnail {\n            width: auto;\n            max-width: 100%;\n            height: auto;\n            margin: 0 auto;\n        }\n        .card.media-card .media {\n            display: block !important;\n        }\n\n        .card.media-card .media .ml-3 {\n            margin: 10px 0 0 !important;\n        }\n\n        .card.media-card .media .ml-3 .btn{\n            display: block;\n            width: 100%;\n        }\n    }\n<\/style>","protected":false},"excerpt":{"rendered":"<p>Feel the relief of stopping the fight against yourself.<\/p>\n<p>Reconnecting with your natural rhythm.<\/p>\n<p>The wisdom of your cycle, finally by your side.<\/p>","protected":false},"featured_media":16867,"comment_status":"open","ping_status":"closed","template":"","meta":[],"product_brand":[],"product_cat":[73],"product_tag":[],"class_list":{"0":"post-16866","1":"product","2":"type-product","3":"status-publish","4":"has-post-thumbnail","6":"product_cat-conjuntos","8":"first","9":"instock","10":"downloadable","11":"shipping-taxable","12":"purchasable","13":"product-type-simple"},"yoast_head":"<!-- This site is optimized with the Yoast SEO plugin v27.1.1 - https:\/\/yoast.com\/product\/yoast-seo-wordpress\/ -->\n<title>Cole\u00e7\u00e3o C\u00edclicas \u2014 Rituais que Fluem com as Fases da Lua - Joie Natural<\/title>\n<meta name=\"description\" content=\"Cole\u00e7\u00e3o C\u00edclicas. Rituais com banhos bot\u00e2nicos, ch\u00e1s lunares, guia ancestral e medita\u00e7\u00e3o guiada. Para fluires com as fases da Lua e o teu ciclo feminino.\" \/>\n<meta name=\"robots\" content=\"index, follow, max-snippet:-1, max-image-preview:large, max-video-preview:-1\" \/>\n<link rel=\"canonical\" href=\"https:\/\/joienatural.com\/en\/product\/colecao-ciclicas-rituais-que-fluem-com-as-fases-da-lua\/\" \/>\n<meta property=\"og:locale\" content=\"en_US\" \/>\n<meta property=\"og:type\" content=\"article\" \/>\n<meta property=\"og:title\" content=\"Cole\u00e7\u00e3o C\u00edclicas \u2014 Rituais que Fluem com as Fases da Lua - Joie Natural\" \/>\n<meta property=\"og:description\" content=\"Cole\u00e7\u00e3o C\u00edclicas. Rituais com banhos bot\u00e2nicos, ch\u00e1s lunares, guia ancestral e medita\u00e7\u00e3o guiada. Para fluires com as fases da Lua e o teu ciclo feminino.\" \/>\n<meta property=\"og:url\" content=\"https:\/\/joienatural.com\/en\/product\/colecao-ciclicas-rituais-que-fluem-com-as-fases-da-lua\/\" \/>\n<meta property=\"og:site_name\" content=\"Joie Natural\" \/>\n<meta property=\"article:publisher\" content=\"https:\/\/www.facebook.com\/joienatural2024\/\" \/>\n<meta property=\"article:modified_time\" content=\"2026-03-03T21:00:24+00:00\" \/>\n<meta property=\"og:image\" content=\"https:\/\/joienatural.com\/wp-content\/uploads\/2024\/12\/20241228_131245.jpg\" \/>\n\t<meta property=\"og:image:width\" content=\"2048\" \/>\n\t<meta property=\"og:image:height\" content=\"2048\" \/>\n\t<meta property=\"og:image:type\" content=\"image\/jpeg\" \/>\n<meta name=\"twitter:card\" content=\"summary_large_image\" \/>\n<meta name=\"twitter:label1\" content=\"Est. reading time\" \/>\n\t<meta name=\"twitter:data1\" content=\"2 minutes\" \/>\n<script type=\"application\/ld+json\" class=\"yoast-schema-graph\">{\"@context\":\"https:\/\/schema.org\",\"@graph\":[{\"@type\":\"WebPage\",\"@id\":\"https:\/\/joienatural.com\/produto\/colecao-ciclicas-rituais-que-fluem-com-as-fases-da-lua\/\",\"url\":\"https:\/\/joienatural.com\/produto\/colecao-ciclicas-rituais-que-fluem-com-as-fases-da-lua\/\",\"name\":\"Cole\u00e7\u00e3o C\u00edclicas \u2014 Rituais que Fluem com as Fases da Lua - Joie Natural\",\"isPartOf\":{\"@id\":\"https:\/\/joienatural.com\/#website\"},\"primaryImageOfPage\":{\"@id\":\"https:\/\/joienatural.com\/produto\/colecao-ciclicas-rituais-que-fluem-com-as-fases-da-lua\/#primaryimage\"},\"image\":{\"@id\":\"https:\/\/joienatural.com\/produto\/colecao-ciclicas-rituais-que-fluem-com-as-fases-da-lua\/#primaryimage\"},\"thumbnailUrl\":\"https:\/\/joienatural.com\/wp-content\/uploads\/2024\/12\/20241228_131245.jpg\",\"datePublished\":\"2025-01-01T13:15:20+00:00\",\"dateModified\":\"2026-03-03T21:00:24+00:00\",\"description\":\"Cole\u00e7\u00e3o C\u00edclicas. Rituais com banhos bot\u00e2nicos, ch\u00e1s lunares, guia ancestral e medita\u00e7\u00e3o guiada. Para fluires com as fases da Lua e o teu ciclo feminino.\",\"breadcrumb\":{\"@id\":\"https:\/\/joienatural.com\/produto\/colecao-ciclicas-rituais-que-fluem-com-as-fases-da-lua\/#breadcrumb\"},\"inLanguage\":\"en-US\",\"potentialAction\":[{\"@type\":\"ReadAction\",\"target\":[\"https:\/\/joienatural.com\/produto\/colecao-ciclicas-rituais-que-fluem-com-as-fases-da-lua\/\"]}]},{\"@type\":\"ImageObject\",\"inLanguage\":\"en-US\",\"@id\":\"https:\/\/joienatural.com\/produto\/colecao-ciclicas-rituais-que-fluem-com-as-fases-da-lua\/#primaryimage\",\"url\":\"https:\/\/joienatural.com\/wp-content\/uploads\/2024\/12\/20241228_131245.jpg\",\"contentUrl\":\"https:\/\/joienatural.com\/wp-content\/uploads\/2024\/12\/20241228_131245.jpg\",\"width\":2048,\"height\":2048,\"caption\":\"caixa c\u00edclicas\"},{\"@type\":\"BreadcrumbList\",\"@id\":\"https:\/\/joienatural.com\/produto\/colecao-ciclicas-rituais-que-fluem-com-as-fases-da-lua\/#breadcrumb\",\"itemListElement\":[{\"@type\":\"ListItem\",\"position\":1,\"name\":\"In\u00edcio\",\"item\":\"https:\/\/joienatural.com\/\"},{\"@type\":\"ListItem\",\"position\":2,\"name\":\"Loja\",\"item\":\"https:\/\/joienatural.com\/loja\/\"},{\"@type\":\"ListItem\",\"position\":3,\"name\":\"Cole\u00e7\u00e3o C\u00edclicas \u2014 Rituais que Fluem com as Fases da Lua\"}]},{\"@type\":\"WebSite\",\"@id\":\"https:\/\/joienatural.com\/#website\",\"url\":\"https:\/\/joienatural.com\/\",\"name\":\"Joie Natural\",\"description\":\"Joie oferece um caminho que conecta o corpo e a mente \u00e0 sabedoria da terra.\",\"publisher\":{\"@id\":\"https:\/\/joienatural.com\/#organization\"},\"alternateName\":\"JoieNatural\",\"potentialAction\":[{\"@type\":\"SearchAction\",\"target\":{\"@type\":\"EntryPoint\",\"urlTemplate\":\"https:\/\/joienatural.com\/?s={search_term_string}\"},\"query-input\":{\"@type\":\"PropertyValueSpecification\",\"valueRequired\":true,\"valueName\":\"search_term_string\"}}],\"inLanguage\":\"en-US\"},{\"@type\":\"Organization\",\"@id\":\"https:\/\/joienatural.com\/#organization\",\"name\":\"Joie Natural\",\"alternateName\":\"JoieNatural\",\"url\":\"https:\/\/joienatural.com\/\",\"logo\":{\"@type\":\"ImageObject\",\"inLanguage\":\"en-US\",\"@id\":\"https:\/\/joienatural.com\/#\/schema\/logo\/image\/\",\"url\":\"https:\/\/joienatural.com\/wp-content\/uploads\/2023\/12\/joie-icon.png\",\"contentUrl\":\"https:\/\/joienatural.com\/wp-content\/uploads\/2023\/12\/joie-icon.png\",\"width\":352,\"height\":572,\"caption\":\"Joie Natural\"},\"image\":{\"@id\":\"https:\/\/joienatural.com\/#\/schema\/logo\/image\/\"},\"sameAs\":[\"https:\/\/www.facebook.com\/joienatural2024\/\",\"https:\/\/www.instagram.com\/joie.natural\/\",\"https:\/\/pt.pinterest.com\/joienatural\/\"]}]}<\/script>\n<!-- \/ Yoast SEO plugin. -->","yoast_head_json":{"title":"Cole\u00e7\u00e3o C\u00edclicas \u2014 Rituais que Fluem com as Fases da Lua - Joie Natural","description":"Cole\u00e7\u00e3o C\u00edclicas. Rituais com banhos bot\u00e2nicos, ch\u00e1s lunares, guia ancestral e medita\u00e7\u00e3o guiada. Para fluires com as fases da Lua e o teu ciclo feminino.","robots":{"index":"index","follow":"follow","max-snippet":"max-snippet:-1","max-image-preview":"max-image-preview:large","max-video-preview":"max-video-preview:-1"},"canonical":"https:\/\/joienatural.com\/en\/product\/colecao-ciclicas-rituais-que-fluem-com-as-fases-da-lua\/","og_locale":"en_US","og_type":"article","og_title":"Cole\u00e7\u00e3o C\u00edclicas \u2014 Rituais que Fluem com as Fases da Lua - Joie Natural","og_description":"Cole\u00e7\u00e3o C\u00edclicas. Rituais com banhos bot\u00e2nicos, ch\u00e1s lunares, guia ancestral e medita\u00e7\u00e3o guiada. Para fluires com as fases da Lua e o teu ciclo feminino.","og_url":"https:\/\/joienatural.com\/en\/product\/colecao-ciclicas-rituais-que-fluem-com-as-fases-da-lua\/","og_site_name":"Joie Natural","article_publisher":"https:\/\/www.facebook.com\/joienatural2024\/","article_modified_time":"2026-03-03T21:00:24+00:00","og_image":[{"width":2048,"height":2048,"url":"https:\/\/joienatural.com\/wp-content\/uploads\/2024\/12\/20241228_131245.jpg","type":"image\/jpeg"}],"twitter_card":"summary_large_image","twitter_misc":{"Est. reading time":"2 minutes"},"schema":{"@context":"https:\/\/schema.org","@graph":[{"@type":"WebPage","@id":"https:\/\/joienatural.com\/produto\/colecao-ciclicas-rituais-que-fluem-com-as-fases-da-lua\/","url":"https:\/\/joienatural.com\/produto\/colecao-ciclicas-rituais-que-fluem-com-as-fases-da-lua\/","name":"Cole\u00e7\u00e3o C\u00edclicas \u2014 Rituais que Fluem com as Fases da Lua - Joie Natural","isPartOf":{"@id":"https:\/\/joienatural.com\/#website"},"primaryImageOfPage":{"@id":"https:\/\/joienatural.com\/produto\/colecao-ciclicas-rituais-que-fluem-com-as-fases-da-lua\/#primaryimage"},"image":{"@id":"https:\/\/joienatural.com\/produto\/colecao-ciclicas-rituais-que-fluem-com-as-fases-da-lua\/#primaryimage"},"thumbnailUrl":"https:\/\/joienatural.com\/wp-content\/uploads\/2024\/12\/20241228_131245.jpg","datePublished":"2025-01-01T13:15:20+00:00","dateModified":"2026-03-03T21:00:24+00:00","description":"Cole\u00e7\u00e3o C\u00edclicas. Rituais com banhos bot\u00e2nicos, ch\u00e1s lunares, guia ancestral e medita\u00e7\u00e3o guiada. Para fluires com as fases da Lua e o teu ciclo feminino.","breadcrumb":{"@id":"https:\/\/joienatural.com\/produto\/colecao-ciclicas-rituais-que-fluem-com-as-fases-da-lua\/#breadcrumb"},"inLanguage":"en-US","potentialAction":[{"@type":"ReadAction","target":["https:\/\/joienatural.com\/produto\/colecao-ciclicas-rituais-que-fluem-com-as-fases-da-lua\/"]}]},{"@type":"ImageObject","inLanguage":"en-US","@id":"https:\/\/joienatural.com\/produto\/colecao-ciclicas-rituais-que-fluem-com-as-fases-da-lua\/#primaryimage","url":"https:\/\/joienatural.com\/wp-content\/uploads\/2024\/12\/20241228_131245.jpg","contentUrl":"https:\/\/joienatural.com\/wp-content\/uploads\/2024\/12\/20241228_131245.jpg","width":2048,"height":2048,"caption":"caixa c\u00edclicas"},{"@type":"BreadcrumbList","@id":"https:\/\/joienatural.com\/produto\/colecao-ciclicas-rituais-que-fluem-com-as-fases-da-lua\/#breadcrumb","itemListElement":[{"@type":"ListItem","position":1,"name":"In\u00edcio","item":"https:\/\/joienatural.com\/"},{"@type":"ListItem","position":2,"name":"Loja","item":"https:\/\/joienatural.com\/loja\/"},{"@type":"ListItem","position":3,"name":"Cole\u00e7\u00e3o C\u00edclicas \u2014 Rituais que Fluem com as Fases da Lua"}]},{"@type":"WebSite","@id":"https:\/\/joienatural.com\/#website","url":"https:\/\/joienatural.com\/","name":"Natural Joy","description":"Joie offers a path that connects body and mind to the wisdom of the earth.","publisher":{"@id":"https:\/\/joienatural.com\/#organization"},"alternateName":"JoieNatural","potentialAction":[{"@type":"SearchAction","target":{"@type":"EntryPoint","urlTemplate":"https:\/\/joienatural.com\/?s={search_term_string}"},"query-input":{"@type":"PropertyValueSpecification","valueRequired":true,"valueName":"search_term_string"}}],"inLanguage":"en-US"},{"@type":"Organization","@id":"https:\/\/joienatural.com\/#organization","name":"Natural Joy","alternateName":"JoieNatural","url":"https:\/\/joienatural.com\/","logo":{"@type":"ImageObject","inLanguage":"en-US","@id":"https:\/\/joienatural.com\/#\/schema\/logo\/image\/","url":"https:\/\/joienatural.com\/wp-content\/uploads\/2023\/12\/joie-icon.png","contentUrl":"https:\/\/joienatural.com\/wp-content\/uploads\/2023\/12\/joie-icon.png","width":352,"height":572,"caption":"Joie Natural"},"image":{"@id":"https:\/\/joienatural.com\/#\/schema\/logo\/image\/"},"sameAs":["https:\/\/www.facebook.com\/joienatural2024\/","https:\/\/www.instagram.com\/joie.natural\/","https:\/\/pt.pinterest.com\/joienatural\/"]}]}},"_links":{"self":[{"href":"https:\/\/joienatural.com\/en\/wp-json\/wp\/v2\/product\/16866","targetHints":{"allow":["GET"]}}],"collection":[{"href":"https:\/\/joienatural.com\/en\/wp-json\/wp\/v2\/product"}],"about":[{"href":"https:\/\/joienatural.com\/en\/wp-json\/wp\/v2\/types\/product"}],"replies":[{"embeddable":true,"href":"https:\/\/joienatural.com\/en\/wp-json\/wp\/v2\/comments?post=16866"}],"version-history":[{"count":26,"href":"https:\/\/joienatural.com\/en\/wp-json\/wp\/v2\/product\/16866\/revisions"}],"predecessor-version":[{"id":17703,"href":"https:\/\/joienatural.com\/en\/wp-json\/wp\/v2\/product\/16866\/revisions\/17703"}],"wp:featuredmedia":[{"embeddable":true,"href":"https:\/\/joienatural.com\/en\/wp-json\/wp\/v2\/media\/16867"}],"wp:attachment":[{"href":"https:\/\/joienatural.com\/en\/wp-json\/wp\/v2\/media?parent=16866"}],"wp:term":[{"taxonomy":"product_brand","embeddable":true,"href":"https:\/\/joienatural.com\/en\/wp-json\/wp\/v2\/product_brand?post=16866"},{"taxonomy":"product_cat","embeddable":true,"href":"https:\/\/joienatural.com\/en\/wp-json\/wp\/v2\/product_cat?post=16866"},{"taxonomy":"product_tag","embeddable":true,"href":"https:\/\/joienatural.com\/en\/wp-json\/wp\/v2\/product_tag?post=16866"}],"curies":[{"name":"wp","href":"https:\/\/api.w.org\/{rel}","templated":true}]}}